{"id":74468,"date":"2025-12-06T12:43:54","date_gmt":"2025-12-06T12:43:54","guid":{"rendered":"https:\/\/neko-shop.ee\/product\/hatakosen-ramune-mochi\/"},"modified":"2026-02-02T12:40:26","modified_gmt":"2026-02-02T12:40:26","slug":"hatakosen-ramune-mochi","status":"publish","type":"product","link":"https:\/\/neko-shop.ee\/en\/product\/hatakosen-ramune-mochi\/","title":{"rendered":"Hatakosen Ramune Mochi"},"content":{"rendered":"<h4>Ramune Mochimaitseline Limonaad<\/h4>\n<p>Ramune on Jaapani sooda ikoonilises klaashelmestega pudelis, mis muudab avamise v\u00e4ikeseks etenduseks.<\/p>\n<p>Erksad maitsed ja ebatavaline disain teevad sellest joogist suurep\u00e4rase v\u00f5imaluse proovida midagi t\u00f5eliselt originaalset.<\/p>\n","protected":false},"excerpt":{"rendered":"<p>Ramune Mochimaitseline Limonaad Ramune on Jaapani sooda ikoonilises klaashelmestega pudelis, mis muudab avamise v\u00e4ikeseks etenduseks. Erksad maitsed ja ebatavaline disain teevad sellest joogist suurep\u00e4rase v\u00f5imaluse proovida midagi t\u00f5eliselt originaalset.<\/p>\n","protected":false},"featured_media":73958,"template":"","meta":[],"product_brand":[],"product_cat":[2535],"product_tag":[],"source":[],"manufacturer":[],"material":[],"publisher":[],"genre":[],"class_list":{"0":"post-74468","1":"product","2":"type-product","3":"status-publish","4":"has-post-thumbnail","6":"product_cat-sweets-and-snacks-en","8":"first","9":"instock","10":"taxable","11":"shipping-taxable","12":"purchasable","13":"product-type-simple"},"acf":[],"yoast_head":"<!-- This site is optimized with the Yoast SEO plugin v25.2 - https:\/\/yoast.com\/wordpress\/plugins\/seo\/ -->\n<title>Hatakosen Ramune Mochi - NEKO<\/title>\n<meta name=\"robots\" content=\"index, follow, max-snippet:-1, max-image-preview:large, max-video-preview:-1\" \/>\n<link rel=\"canonical\" href=\"https:\/\/neko-shop.ee\/en\/product\/hatakosen-ramune-mochi\/\" \/>\n<meta property=\"og:locale\" content=\"en_US\" \/>\n<meta property=\"og:type\" content=\"article\" \/>\n<meta property=\"og:title\" content=\"Hatakosen Ramune Mochi - NEKO\" \/>\n<meta property=\"og:description\" content=\"Ramune Mochimaitseline Limonaad Ramune on Jaapani sooda ikoonilises klaashelmestega pudelis, mis muudab avamise v\u00e4ikeseks etenduseks. Erksad maitsed ja ebatavaline disain teevad sellest joogist suurep\u00e4rase v\u00f5imaluse proovida midagi t\u00f5eliselt originaalset.\" \/>\n<meta property=\"og:url\" content=\"https:\/\/neko-shop.ee\/en\/product\/hatakosen-ramune-mochi\/\" \/>\n<meta property=\"og:site_name\" content=\"NEKO\" \/>\n<meta property=\"article:modified_time\" content=\"2026-02-02T12:40:26+00:00\" \/>\n<meta property=\"og:image\" content=\"https:\/\/neko-shop.ee\/wp-content\/uploads\/2025\/09\/ramumo.jpg\" \/>\n\t<meta property=\"og:image:width\" content=\"1000\" \/>\n\t<meta property=\"og:image:height\" content=\"1000\" \/>\n\t<meta property=\"og:image:type\" content=\"image\/jpeg\" \/>\n<meta name=\"twitter:card\" content=\"summary_large_image\" \/>\n<script type=\"application\/ld+json\" class=\"yoast-schema-graph\">{\"@context\":\"https:\/\/schema.org\",\"@graph\":[{\"@type\":\"WebPage\",\"@id\":\"https:\/\/neko-shop.ee\/en\/product\/hatakosen-ramune-mochi\/\",\"url\":\"https:\/\/neko-shop.ee\/en\/product\/hatakosen-ramune-mochi\/\",\"name\":\"Hatakosen Ramune Mochi - NEKO\",\"isPartOf\":{\"@id\":\"https:\/\/neko-shop.ee\/en\/#website\"},\"primaryImageOfPage\":{\"@id\":\"https:\/\/neko-shop.ee\/en\/product\/hatakosen-ramune-mochi\/#primaryimage\"},\"image\":{\"@id\":\"https:\/\/neko-shop.ee\/en\/product\/hatakosen-ramune-mochi\/#primaryimage\"},\"thumbnailUrl\":\"https:\/\/neko-shop.ee\/wp-content\/uploads\/2025\/09\/ramumo.jpg\",\"datePublished\":\"2025-12-06T12:43:54+00:00\",\"dateModified\":\"2026-02-02T12:40:26+00:00\",\"breadcrumb\":{\"@id\":\"https:\/\/neko-shop.ee\/en\/product\/hatakosen-ramune-mochi\/#breadcrumb\"},\"inLanguage\":\"en-US\",\"potentialAction\":[{\"@type\":\"ReadAction\",\"target\":[\"https:\/\/neko-shop.ee\/en\/product\/hatakosen-ramune-mochi\/\"]}]},{\"@type\":\"ImageObject\",\"inLanguage\":\"en-US\",\"@id\":\"https:\/\/neko-shop.ee\/en\/product\/hatakosen-ramune-mochi\/#primaryimage\",\"url\":\"https:\/\/neko-shop.ee\/wp-content\/uploads\/2025\/09\/ramumo.jpg\",\"contentUrl\":\"https:\/\/neko-shop.ee\/wp-content\/uploads\/2025\/09\/ramumo.jpg\",\"width\":1000,\"height\":1000},{\"@type\":\"BreadcrumbList\",\"@id\":\"https:\/\/neko-shop.ee\/en\/product\/hatakosen-ramune-mochi\/#breadcrumb\",\"itemListElement\":[{\"@type\":\"ListItem\",\"position\":1,\"name\":\"Shop\",\"item\":\"https:\/\/neko-shop.ee\/en\/shop\/\"},{\"@type\":\"ListItem\",\"position\":2,\"name\":\"Hatakosen Ramune Mochi\"}]},{\"@type\":\"WebSite\",\"@id\":\"https:\/\/neko-shop.ee\/en\/#website\",\"url\":\"https:\/\/neko-shop.ee\/en\/\",\"name\":\"NEKO\",\"description\":\"\",\"potentialAction\":[{\"@type\":\"SearchAction\",\"target\":{\"@type\":\"EntryPoint\",\"urlTemplate\":\"https:\/\/neko-shop.ee\/en\/?s={search_term_string}\"},\"query-input\":{\"@type\":\"PropertyValueSpecification\",\"valueRequired\":true,\"valueName\":\"search_term_string\"}}],\"inLanguage\":\"en-US\"}]}<\/script>\n<!-- \/ Yoast SEO plugin. -->","yoast_head_json":{"title":"Hatakosen Ramune Mochi - NEKO","robots":{"index":"index","follow":"follow","max-snippet":"max-snippet:-1","max-image-preview":"max-image-preview:large","max-video-preview":"max-video-preview:-1"},"canonical":"https:\/\/neko-shop.ee\/en\/product\/hatakosen-ramune-mochi\/","og_locale":"en_US","og_type":"article","og_title":"Hatakosen Ramune Mochi - NEKO","og_description":"Ramune Mochimaitseline Limonaad Ramune on Jaapani sooda ikoonilises klaashelmestega pudelis, mis muudab avamise v\u00e4ikeseks etenduseks. Erksad maitsed ja ebatavaline disain teevad sellest joogist suurep\u00e4rase v\u00f5imaluse proovida midagi t\u00f5eliselt originaalset.","og_url":"https:\/\/neko-shop.ee\/en\/product\/hatakosen-ramune-mochi\/","og_site_name":"NEKO","article_modified_time":"2026-02-02T12:40:26+00:00","og_image":[{"width":1000,"height":1000,"url":"https:\/\/neko-shop.ee\/wp-content\/uploads\/2025\/09\/ramumo.jpg","type":"image\/jpeg"}],"twitter_card":"summary_large_image","schema":{"@context":"https:\/\/schema.org","@graph":[{"@type":"WebPage","@id":"https:\/\/neko-shop.ee\/en\/product\/hatakosen-ramune-mochi\/","url":"https:\/\/neko-shop.ee\/en\/product\/hatakosen-ramune-mochi\/","name":"Hatakosen Ramune Mochi - NEKO","isPartOf":{"@id":"https:\/\/neko-shop.ee\/en\/#website"},"primaryImageOfPage":{"@id":"https:\/\/neko-shop.ee\/en\/product\/hatakosen-ramune-mochi\/#primaryimage"},"image":{"@id":"https:\/\/neko-shop.ee\/en\/product\/hatakosen-ramune-mochi\/#primaryimage"},"thumbnailUrl":"https:\/\/neko-shop.ee\/wp-content\/uploads\/2025\/09\/ramumo.jpg","datePublished":"2025-12-06T12:43:54+00:00","dateModified":"2026-02-02T12:40:26+00:00","breadcrumb":{"@id":"https:\/\/neko-shop.ee\/en\/product\/hatakosen-ramune-mochi\/#breadcrumb"},"inLanguage":"en-US","potentialAction":[{"@type":"ReadAction","target":["https:\/\/neko-shop.ee\/en\/product\/hatakosen-ramune-mochi\/"]}]},{"@type":"ImageObject","inLanguage":"en-US","@id":"https:\/\/neko-shop.ee\/en\/product\/hatakosen-ramune-mochi\/#primaryimage","url":"https:\/\/neko-shop.ee\/wp-content\/uploads\/2025\/09\/ramumo.jpg","contentUrl":"https:\/\/neko-shop.ee\/wp-content\/uploads\/2025\/09\/ramumo.jpg","width":1000,"height":1000},{"@type":"BreadcrumbList","@id":"https:\/\/neko-shop.ee\/en\/product\/hatakosen-ramune-mochi\/#breadcrumb","itemListElement":[{"@type":"ListItem","position":1,"name":"Shop","item":"https:\/\/neko-shop.ee\/en\/shop\/"},{"@type":"ListItem","position":2,"name":"Hatakosen Ramune Mochi"}]},{"@type":"WebSite","@id":"https:\/\/neko-shop.ee\/en\/#website","url":"https:\/\/neko-shop.ee\/en\/","name":"NEKO","description":"","potentialAction":[{"@type":"SearchAction","target":{"@type":"EntryPoint","urlTemplate":"https:\/\/neko-shop.ee\/en\/?s={search_term_string}"},"query-input":{"@type":"PropertyValueSpecification","valueRequired":true,"valueName":"search_term_string"}}],"inLanguage":"en-US"}]}},"_links":{"self":[{"href":"https:\/\/neko-shop.ee\/en\/wp-json\/wp\/v2\/product\/74468","targetHints":{"allow":["GET"]}}],"collection":[{"href":"https:\/\/neko-shop.ee\/en\/wp-json\/wp\/v2\/product"}],"about":[{"href":"https:\/\/neko-shop.ee\/en\/wp-json\/wp\/v2\/types\/product"}],"wp:featuredmedia":[{"embeddable":true,"href":"https:\/\/neko-shop.ee\/en\/wp-json\/wp\/v2\/media\/73958"}],"wp:attachment":[{"href":"https:\/\/neko-shop.ee\/en\/wp-json\/wp\/v2\/media?parent=74468"}],"wp:term":[{"taxonomy":"product_brand","embeddable":true,"href":"https:\/\/neko-shop.ee\/en\/wp-json\/wp\/v2\/product_brand?post=74468"},{"taxonomy":"product_cat","embeddable":true,"href":"https:\/\/neko-shop.ee\/en\/wp-json\/wp\/v2\/product_cat?post=74468"},{"taxonomy":"product_tag","embeddable":true,"href":"https:\/\/neko-shop.ee\/en\/wp-json\/wp\/v2\/product_tag?post=74468"},{"taxonomy":"source","embeddable":true,"href":"https:\/\/neko-shop.ee\/en\/wp-json\/wp\/v2\/source?post=74468"},{"taxonomy":"manufacturer","embeddable":true,"href":"https:\/\/neko-shop.ee\/en\/wp-json\/wp\/v2\/manufacturer?post=74468"},{"taxonomy":"material","embeddable":true,"href":"https:\/\/neko-shop.ee\/en\/wp-json\/wp\/v2\/material?post=74468"},{"taxonomy":"publisher","embeddable":true,"href":"https:\/\/neko-shop.ee\/en\/wp-json\/wp\/v2\/publisher?post=74468"},{"taxonomy":"genre","embeddable":true,"href":"https:\/\/neko-shop.ee\/en\/wp-json\/wp\/v2\/genre?post=74468"}],"curies":[{"name":"wp","href":"https:\/\/api.w.org\/{rel}","templated":true}]}}