{"id":74831,"date":"2025-12-06T12:46:42","date_gmt":"2025-12-06T12:46:42","guid":{"rendered":"https:\/\/neko-shop.ee\/product\/kill-la-kill-hello-good-smile-action-figure-ryuko-matoi-10-cm\/"},"modified":"2025-12-06T18:20:45","modified_gmt":"2025-12-06T18:20:45","slug":"kill-la-kill-hello-good-smile-action-figure-ryuko-matoi-10-cm","status":"publish","type":"product","link":"https:\/\/neko-shop.ee\/en\/product\/kill-la-kill-hello-good-smile-action-figure-ryuko-matoi-10-cm\/","title":{"rendered":"Kill la Kill HELLO! GOOD SMILE Action Figure Ryuko Matoi 10 cm"},"content":{"rendered":"<h4>Ryuko Matoi figuur sarjast Kill la Kill<\/h4>\n<p>Seeria HELLO! Good Smile Companist tutvustab lihtsustatud ja s\u00f5braliku disainiga minifiguure.<\/p>\n<p>Need sobivad kergesti interj\u00f6\u00f6ri ja sobivad suurep\u00e4raselt neile, kes otsivad oma lemmiktegelaste armsaid ja kompaktseid figuuri.<\/p>\n","protected":false},"excerpt":{"rendered":"<p>Ryuko Matoi figuur sarjast Kill la Kill Seeria HELLO! Good Smile Companist tutvustab lihtsustatud ja s\u00f5braliku disainiga minifiguure. Need sobivad kergesti interj\u00f6\u00f6ri ja sobivad suurep\u00e4raselt neile, kes otsivad oma lemmiktegelaste armsaid ja kompaktseid figuuri.<\/p>\n","protected":false},"featured_media":73898,"template":"","meta":[],"product_brand":[],"product_cat":[2463],"product_tag":[],"source":[],"manufacturer":[],"material":[],"publisher":[],"genre":[],"class_list":{"0":"post-74831","1":"product","2":"type-product","3":"status-publish","4":"has-post-thumbnail","6":"product_cat-nendoroid-en","8":"first","9":"instock","10":"taxable","11":"shipping-taxable","12":"purchasable","13":"product-type-simple"},"acf":[],"yoast_head":"<!-- This site is optimized with the Yoast SEO plugin v25.2 - https:\/\/yoast.com\/wordpress\/plugins\/seo\/ -->\n<title>Kill la Kill HELLO! GOOD SMILE Action Figure Ryuko Matoi 10 cm - NEKO<\/title>\n<meta name=\"robots\" content=\"index, follow, max-snippet:-1, max-image-preview:large, max-video-preview:-1\" \/>\n<link rel=\"canonical\" href=\"https:\/\/neko-shop.ee\/en\/product\/kill-la-kill-hello-good-smile-action-figure-ryuko-matoi-10-cm\/\" \/>\n<meta property=\"og:locale\" content=\"en_US\" \/>\n<meta property=\"og:type\" content=\"article\" \/>\n<meta property=\"og:title\" content=\"Kill la Kill HELLO! GOOD SMILE Action Figure Ryuko Matoi 10 cm - NEKO\" \/>\n<meta property=\"og:description\" content=\"Ryuko Matoi figuur sarjast Kill la Kill Seeria HELLO! Good Smile Companist tutvustab lihtsustatud ja s\u00f5braliku disainiga minifiguure. Need sobivad kergesti interj\u00f6\u00f6ri ja sobivad suurep\u00e4raselt neile, kes otsivad oma lemmiktegelaste armsaid ja kompaktseid figuuri.\" \/>\n<meta property=\"og:url\" content=\"https:\/\/neko-shop.ee\/en\/product\/kill-la-kill-hello-good-smile-action-figure-ryuko-matoi-10-cm\/\" \/>\n<meta property=\"og:site_name\" content=\"NEKO\" \/>\n<meta property=\"article:modified_time\" content=\"2025-12-06T18:20:45+00:00\" \/>\n<meta name=\"twitter:card\" content=\"summary_large_image\" \/>\n<script type=\"application\/ld+json\" class=\"yoast-schema-graph\">{\"@context\":\"https:\/\/schema.org\",\"@graph\":[{\"@type\":\"WebPage\",\"@id\":\"https:\/\/neko-shop.ee\/en\/product\/kill-la-kill-hello-good-smile-action-figure-ryuko-matoi-10-cm\/\",\"url\":\"https:\/\/neko-shop.ee\/en\/product\/kill-la-kill-hello-good-smile-action-figure-ryuko-matoi-10-cm\/\",\"name\":\"Kill la Kill HELLO! GOOD SMILE Action Figure Ryuko Matoi 10 cm - NEKO\",\"isPartOf\":{\"@id\":\"https:\/\/neko-shop.ee\/en\/#website\"},\"primaryImageOfPage\":{\"@id\":\"https:\/\/neko-shop.ee\/en\/product\/kill-la-kill-hello-good-smile-action-figure-ryuko-matoi-10-cm\/#primaryimage\"},\"image\":{\"@id\":\"https:\/\/neko-shop.ee\/en\/product\/kill-la-kill-hello-good-smile-action-figure-ryuko-matoi-10-cm\/#primaryimage\"},\"thumbnailUrl\":\"https:\/\/neko-shop.ee\/wp-content\/uploads\/2025\/12\/kill-la-kill-hello-good-smile-action-figure-ryuko-matoi-10-cm.jpg\",\"datePublished\":\"2025-12-06T12:46:42+00:00\",\"dateModified\":\"2025-12-06T18:20:45+00:00\",\"breadcrumb\":{\"@id\":\"https:\/\/neko-shop.ee\/en\/product\/kill-la-kill-hello-good-smile-action-figure-ryuko-matoi-10-cm\/#breadcrumb\"},\"inLanguage\":\"en-US\",\"potentialAction\":[{\"@type\":\"ReadAction\",\"target\":[\"https:\/\/neko-shop.ee\/en\/product\/kill-la-kill-hello-good-smile-action-figure-ryuko-matoi-10-cm\/\"]}]},{\"@type\":\"ImageObject\",\"inLanguage\":\"en-US\",\"@id\":\"https:\/\/neko-shop.ee\/en\/product\/kill-la-kill-hello-good-smile-action-figure-ryuko-matoi-10-cm\/#primaryimage\",\"url\":\"https:\/\/neko-shop.ee\/wp-content\/uploads\/2025\/12\/kill-la-kill-hello-good-smile-action-figure-ryuko-matoi-10-cm.jpg\",\"contentUrl\":\"https:\/\/neko-shop.ee\/wp-content\/uploads\/2025\/12\/kill-la-kill-hello-good-smile-action-figure-ryuko-matoi-10-cm.jpg\",\"width\":1000,\"height\":1000},{\"@type\":\"BreadcrumbList\",\"@id\":\"https:\/\/neko-shop.ee\/en\/product\/kill-la-kill-hello-good-smile-action-figure-ryuko-matoi-10-cm\/#breadcrumb\",\"itemListElement\":[{\"@type\":\"ListItem\",\"position\":1,\"name\":\"Shop\",\"item\":\"https:\/\/neko-shop.ee\/en\/shop\/\"},{\"@type\":\"ListItem\",\"position\":2,\"name\":\"Kill la Kill HELLO! GOOD SMILE Action Figure Ryuko Matoi 10 cm\"}]},{\"@type\":\"WebSite\",\"@id\":\"https:\/\/neko-shop.ee\/en\/#website\",\"url\":\"https:\/\/neko-shop.ee\/en\/\",\"name\":\"NEKO\",\"description\":\"\",\"potentialAction\":[{\"@type\":\"SearchAction\",\"target\":{\"@type\":\"EntryPoint\",\"urlTemplate\":\"https:\/\/neko-shop.ee\/en\/?s={search_term_string}\"},\"query-input\":{\"@type\":\"PropertyValueSpecification\",\"valueRequired\":true,\"valueName\":\"search_term_string\"}}],\"inLanguage\":\"en-US\"}]}<\/script>\n<!-- \/ Yoast SEO plugin. -->","yoast_head_json":{"title":"Kill la Kill HELLO! GOOD SMILE Action Figure Ryuko Matoi 10 cm - NEKO","robots":{"index":"index","follow":"follow","max-snippet":"max-snippet:-1","max-image-preview":"max-image-preview:large","max-video-preview":"max-video-preview:-1"},"canonical":"https:\/\/neko-shop.ee\/en\/product\/kill-la-kill-hello-good-smile-action-figure-ryuko-matoi-10-cm\/","og_locale":"en_US","og_type":"article","og_title":"Kill la Kill HELLO! GOOD SMILE Action Figure Ryuko Matoi 10 cm - NEKO","og_description":"Ryuko Matoi figuur sarjast Kill la Kill Seeria HELLO! Good Smile Companist tutvustab lihtsustatud ja s\u00f5braliku disainiga minifiguure. Need sobivad kergesti interj\u00f6\u00f6ri ja sobivad suurep\u00e4raselt neile, kes otsivad oma lemmiktegelaste armsaid ja kompaktseid figuuri.","og_url":"https:\/\/neko-shop.ee\/en\/product\/kill-la-kill-hello-good-smile-action-figure-ryuko-matoi-10-cm\/","og_site_name":"NEKO","article_modified_time":"2025-12-06T18:20:45+00:00","twitter_card":"summary_large_image","schema":{"@context":"https:\/\/schema.org","@graph":[{"@type":"WebPage","@id":"https:\/\/neko-shop.ee\/en\/product\/kill-la-kill-hello-good-smile-action-figure-ryuko-matoi-10-cm\/","url":"https:\/\/neko-shop.ee\/en\/product\/kill-la-kill-hello-good-smile-action-figure-ryuko-matoi-10-cm\/","name":"Kill la Kill HELLO! GOOD SMILE Action Figure Ryuko Matoi 10 cm - NEKO","isPartOf":{"@id":"https:\/\/neko-shop.ee\/en\/#website"},"primaryImageOfPage":{"@id":"https:\/\/neko-shop.ee\/en\/product\/kill-la-kill-hello-good-smile-action-figure-ryuko-matoi-10-cm\/#primaryimage"},"image":{"@id":"https:\/\/neko-shop.ee\/en\/product\/kill-la-kill-hello-good-smile-action-figure-ryuko-matoi-10-cm\/#primaryimage"},"thumbnailUrl":"https:\/\/neko-shop.ee\/wp-content\/uploads\/2025\/12\/kill-la-kill-hello-good-smile-action-figure-ryuko-matoi-10-cm.jpg","datePublished":"2025-12-06T12:46:42+00:00","dateModified":"2025-12-06T18:20:45+00:00","breadcrumb":{"@id":"https:\/\/neko-shop.ee\/en\/product\/kill-la-kill-hello-good-smile-action-figure-ryuko-matoi-10-cm\/#breadcrumb"},"inLanguage":"en-US","potentialAction":[{"@type":"ReadAction","target":["https:\/\/neko-shop.ee\/en\/product\/kill-la-kill-hello-good-smile-action-figure-ryuko-matoi-10-cm\/"]}]},{"@type":"ImageObject","inLanguage":"en-US","@id":"https:\/\/neko-shop.ee\/en\/product\/kill-la-kill-hello-good-smile-action-figure-ryuko-matoi-10-cm\/#primaryimage","url":"https:\/\/neko-shop.ee\/wp-content\/uploads\/2025\/12\/kill-la-kill-hello-good-smile-action-figure-ryuko-matoi-10-cm.jpg","contentUrl":"https:\/\/neko-shop.ee\/wp-content\/uploads\/2025\/12\/kill-la-kill-hello-good-smile-action-figure-ryuko-matoi-10-cm.jpg","width":1000,"height":1000},{"@type":"BreadcrumbList","@id":"https:\/\/neko-shop.ee\/en\/product\/kill-la-kill-hello-good-smile-action-figure-ryuko-matoi-10-cm\/#breadcrumb","itemListElement":[{"@type":"ListItem","position":1,"name":"Shop","item":"https:\/\/neko-shop.ee\/en\/shop\/"},{"@type":"ListItem","position":2,"name":"Kill la Kill HELLO! GOOD SMILE Action Figure Ryuko Matoi 10 cm"}]},{"@type":"WebSite","@id":"https:\/\/neko-shop.ee\/en\/#website","url":"https:\/\/neko-shop.ee\/en\/","name":"NEKO","description":"","potentialAction":[{"@type":"SearchAction","target":{"@type":"EntryPoint","urlTemplate":"https:\/\/neko-shop.ee\/en\/?s={search_term_string}"},"query-input":{"@type":"PropertyValueSpecification","valueRequired":true,"valueName":"search_term_string"}}],"inLanguage":"en-US"}]}},"_links":{"self":[{"href":"https:\/\/neko-shop.ee\/en\/wp-json\/wp\/v2\/product\/74831","targetHints":{"allow":["GET"]}}],"collection":[{"href":"https:\/\/neko-shop.ee\/en\/wp-json\/wp\/v2\/product"}],"about":[{"href":"https:\/\/neko-shop.ee\/en\/wp-json\/wp\/v2\/types\/product"}],"wp:featuredmedia":[{"embeddable":true,"href":"https:\/\/neko-shop.ee\/en\/wp-json\/wp\/v2\/media\/73898"}],"wp:attachment":[{"href":"https:\/\/neko-shop.ee\/en\/wp-json\/wp\/v2\/media?parent=74831"}],"wp:term":[{"taxonomy":"product_brand","embeddable":true,"href":"https:\/\/neko-shop.ee\/en\/wp-json\/wp\/v2\/product_brand?post=74831"},{"taxonomy":"product_cat","embeddable":true,"href":"https:\/\/neko-shop.ee\/en\/wp-json\/wp\/v2\/product_cat?post=74831"},{"taxonomy":"product_tag","embeddable":true,"href":"https:\/\/neko-shop.ee\/en\/wp-json\/wp\/v2\/product_tag?post=74831"},{"taxonomy":"source","embeddable":true,"href":"https:\/\/neko-shop.ee\/en\/wp-json\/wp\/v2\/source?post=74831"},{"taxonomy":"manufacturer","embeddable":true,"href":"https:\/\/neko-shop.ee\/en\/wp-json\/wp\/v2\/manufacturer?post=74831"},{"taxonomy":"material","embeddable":true,"href":"https:\/\/neko-shop.ee\/en\/wp-json\/wp\/v2\/material?post=74831"},{"taxonomy":"publisher","embeddable":true,"href":"https:\/\/neko-shop.ee\/en\/wp-json\/wp\/v2\/publisher?post=74831"},{"taxonomy":"genre","embeddable":true,"href":"https:\/\/neko-shop.ee\/en\/wp-json\/wp\/v2\/genre?post=74831"}],"curies":[{"name":"wp","href":"https:\/\/api.w.org\/{rel}","templated":true}]}}