{"id":74837,"date":"2025-12-06T12:46:44","date_gmt":"2025-12-06T12:46:44","guid":{"rendered":"https:\/\/neko-shop.ee\/product\/fullmetal-alchemist-brotherhood-hello-good-smile-action-figure-edward-elric\/"},"modified":"2026-02-02T12:40:38","modified_gmt":"2026-02-02T12:40:38","slug":"fullmetal-alchemist-brotherhood-hello-good-smile-action-figure-edward-elric","status":"publish","type":"product","link":"https:\/\/neko-shop.ee\/en\/product\/fullmetal-alchemist-brotherhood-hello-good-smile-action-figure-edward-elric\/","title":{"rendered":"Fullmetal Alchemist: Brotherhood HELLO! GOOD SMILE Action Figure Edward Elric"},"content":{"rendered":"<h4>Edward Elric figuur sarjast Fullmetal Alchemist<\/h4>\n<p>Seeria HELLO! Good Smile Companist tutvustab lihtsustatud ja s\u00f5braliku disainiga minifiguure.<\/p>\n<p>Need sobivad kergesti interj\u00f6\u00f6ri ja sobivad suurep\u00e4raselt neile, kes otsivad oma lemmiktegelaste armsaid ja kompaktseid figuuri.<\/p>\n","protected":false},"excerpt":{"rendered":"<p>Edward Elric figuur sarjast Fullmetal Alchemist Seeria HELLO! Good Smile Companist tutvustab lihtsustatud ja s\u00f5braliku disainiga minifiguure. Need sobivad kergesti interj\u00f6\u00f6ri ja sobivad suurep\u00e4raselt neile, kes otsivad oma lemmiktegelaste armsaid ja kompaktseid figuuri.<\/p>\n","protected":false},"featured_media":73829,"template":"","meta":[],"product_brand":[],"product_cat":[2463],"product_tag":[],"source":[],"manufacturer":[],"material":[],"publisher":[],"genre":[],"class_list":{"0":"post-74837","1":"product","2":"type-product","3":"status-publish","4":"has-post-thumbnail","6":"product_cat-nendoroid-en","8":"first","9":"instock","10":"taxable","11":"shipping-taxable","12":"purchasable","13":"product-type-simple"},"acf":[],"yoast_head":"<!-- This site is optimized with the Yoast SEO plugin v25.2 - https:\/\/yoast.com\/wordpress\/plugins\/seo\/ -->\n<title>Fullmetal Alchemist: Brotherhood HELLO! GOOD SMILE Action Figure Edward Elric - NEKO<\/title>\n<meta name=\"robots\" content=\"index, follow, max-snippet:-1, max-image-preview:large, max-video-preview:-1\" \/>\n<link rel=\"canonical\" href=\"https:\/\/neko-shop.ee\/en\/product\/fullmetal-alchemist-brotherhood-hello-good-smile-action-figure-edward-elric\/\" \/>\n<meta property=\"og:locale\" content=\"en_US\" \/>\n<meta property=\"og:type\" content=\"article\" \/>\n<meta property=\"og:title\" content=\"Fullmetal Alchemist: Brotherhood HELLO! GOOD SMILE Action Figure Edward Elric - NEKO\" \/>\n<meta property=\"og:description\" content=\"Edward Elric figuur sarjast Fullmetal Alchemist Seeria HELLO! Good Smile Companist tutvustab lihtsustatud ja s\u00f5braliku disainiga minifiguure. Need sobivad kergesti interj\u00f6\u00f6ri ja sobivad suurep\u00e4raselt neile, kes otsivad oma lemmiktegelaste armsaid ja kompaktseid figuuri.\" \/>\n<meta property=\"og:url\" content=\"https:\/\/neko-shop.ee\/en\/product\/fullmetal-alchemist-brotherhood-hello-good-smile-action-figure-edward-elric\/\" \/>\n<meta property=\"og:site_name\" content=\"NEKO\" \/>\n<meta property=\"article:modified_time\" content=\"2026-02-02T12:40:38+00:00\" \/>\n<meta name=\"twitter:card\" content=\"summary_large_image\" \/>\n<script type=\"application\/ld+json\" class=\"yoast-schema-graph\">{\"@context\":\"https:\/\/schema.org\",\"@graph\":[{\"@type\":\"WebPage\",\"@id\":\"https:\/\/neko-shop.ee\/en\/product\/fullmetal-alchemist-brotherhood-hello-good-smile-action-figure-edward-elric\/\",\"url\":\"https:\/\/neko-shop.ee\/en\/product\/fullmetal-alchemist-brotherhood-hello-good-smile-action-figure-edward-elric\/\",\"name\":\"Fullmetal Alchemist: Brotherhood HELLO! GOOD SMILE Action Figure Edward Elric - NEKO\",\"isPartOf\":{\"@id\":\"https:\/\/neko-shop.ee\/en\/#website\"},\"primaryImageOfPage\":{\"@id\":\"https:\/\/neko-shop.ee\/en\/product\/fullmetal-alchemist-brotherhood-hello-good-smile-action-figure-edward-elric\/#primaryimage\"},\"image\":{\"@id\":\"https:\/\/neko-shop.ee\/en\/product\/fullmetal-alchemist-brotherhood-hello-good-smile-action-figure-edward-elric\/#primaryimage\"},\"thumbnailUrl\":\"https:\/\/neko-shop.ee\/wp-content\/uploads\/2025\/12\/fullmetal-alchemist-brotherhood-hello-good-smile-action-figure-edward-elric.jpg\",\"datePublished\":\"2025-12-06T12:46:44+00:00\",\"dateModified\":\"2026-02-02T12:40:38+00:00\",\"breadcrumb\":{\"@id\":\"https:\/\/neko-shop.ee\/en\/product\/fullmetal-alchemist-brotherhood-hello-good-smile-action-figure-edward-elric\/#breadcrumb\"},\"inLanguage\":\"en-US\",\"potentialAction\":[{\"@type\":\"ReadAction\",\"target\":[\"https:\/\/neko-shop.ee\/en\/product\/fullmetal-alchemist-brotherhood-hello-good-smile-action-figure-edward-elric\/\"]}]},{\"@type\":\"ImageObject\",\"inLanguage\":\"en-US\",\"@id\":\"https:\/\/neko-shop.ee\/en\/product\/fullmetal-alchemist-brotherhood-hello-good-smile-action-figure-edward-elric\/#primaryimage\",\"url\":\"https:\/\/neko-shop.ee\/wp-content\/uploads\/2025\/12\/fullmetal-alchemist-brotherhood-hello-good-smile-action-figure-edward-elric.jpg\",\"contentUrl\":\"https:\/\/neko-shop.ee\/wp-content\/uploads\/2025\/12\/fullmetal-alchemist-brotherhood-hello-good-smile-action-figure-edward-elric.jpg\",\"width\":1000,\"height\":1000},{\"@type\":\"BreadcrumbList\",\"@id\":\"https:\/\/neko-shop.ee\/en\/product\/fullmetal-alchemist-brotherhood-hello-good-smile-action-figure-edward-elric\/#breadcrumb\",\"itemListElement\":[{\"@type\":\"ListItem\",\"position\":1,\"name\":\"Shop\",\"item\":\"https:\/\/neko-shop.ee\/en\/shop\/\"},{\"@type\":\"ListItem\",\"position\":2,\"name\":\"Fullmetal Alchemist: Brotherhood HELLO! GOOD SMILE Action Figure Edward Elric\"}]},{\"@type\":\"WebSite\",\"@id\":\"https:\/\/neko-shop.ee\/en\/#website\",\"url\":\"https:\/\/neko-shop.ee\/en\/\",\"name\":\"NEKO\",\"description\":\"\",\"potentialAction\":[{\"@type\":\"SearchAction\",\"target\":{\"@type\":\"EntryPoint\",\"urlTemplate\":\"https:\/\/neko-shop.ee\/en\/?s={search_term_string}\"},\"query-input\":{\"@type\":\"PropertyValueSpecification\",\"valueRequired\":true,\"valueName\":\"search_term_string\"}}],\"inLanguage\":\"en-US\"}]}<\/script>\n<!-- \/ Yoast SEO plugin. -->","yoast_head_json":{"title":"Fullmetal Alchemist: Brotherhood HELLO! GOOD SMILE Action Figure Edward Elric - NEKO","robots":{"index":"index","follow":"follow","max-snippet":"max-snippet:-1","max-image-preview":"max-image-preview:large","max-video-preview":"max-video-preview:-1"},"canonical":"https:\/\/neko-shop.ee\/en\/product\/fullmetal-alchemist-brotherhood-hello-good-smile-action-figure-edward-elric\/","og_locale":"en_US","og_type":"article","og_title":"Fullmetal Alchemist: Brotherhood HELLO! GOOD SMILE Action Figure Edward Elric - NEKO","og_description":"Edward Elric figuur sarjast Fullmetal Alchemist Seeria HELLO! Good Smile Companist tutvustab lihtsustatud ja s\u00f5braliku disainiga minifiguure. Need sobivad kergesti interj\u00f6\u00f6ri ja sobivad suurep\u00e4raselt neile, kes otsivad oma lemmiktegelaste armsaid ja kompaktseid figuuri.","og_url":"https:\/\/neko-shop.ee\/en\/product\/fullmetal-alchemist-brotherhood-hello-good-smile-action-figure-edward-elric\/","og_site_name":"NEKO","article_modified_time":"2026-02-02T12:40:38+00:00","twitter_card":"summary_large_image","schema":{"@context":"https:\/\/schema.org","@graph":[{"@type":"WebPage","@id":"https:\/\/neko-shop.ee\/en\/product\/fullmetal-alchemist-brotherhood-hello-good-smile-action-figure-edward-elric\/","url":"https:\/\/neko-shop.ee\/en\/product\/fullmetal-alchemist-brotherhood-hello-good-smile-action-figure-edward-elric\/","name":"Fullmetal Alchemist: Brotherhood HELLO! GOOD SMILE Action Figure Edward Elric - NEKO","isPartOf":{"@id":"https:\/\/neko-shop.ee\/en\/#website"},"primaryImageOfPage":{"@id":"https:\/\/neko-shop.ee\/en\/product\/fullmetal-alchemist-brotherhood-hello-good-smile-action-figure-edward-elric\/#primaryimage"},"image":{"@id":"https:\/\/neko-shop.ee\/en\/product\/fullmetal-alchemist-brotherhood-hello-good-smile-action-figure-edward-elric\/#primaryimage"},"thumbnailUrl":"https:\/\/neko-shop.ee\/wp-content\/uploads\/2025\/12\/fullmetal-alchemist-brotherhood-hello-good-smile-action-figure-edward-elric.jpg","datePublished":"2025-12-06T12:46:44+00:00","dateModified":"2026-02-02T12:40:38+00:00","breadcrumb":{"@id":"https:\/\/neko-shop.ee\/en\/product\/fullmetal-alchemist-brotherhood-hello-good-smile-action-figure-edward-elric\/#breadcrumb"},"inLanguage":"en-US","potentialAction":[{"@type":"ReadAction","target":["https:\/\/neko-shop.ee\/en\/product\/fullmetal-alchemist-brotherhood-hello-good-smile-action-figure-edward-elric\/"]}]},{"@type":"ImageObject","inLanguage":"en-US","@id":"https:\/\/neko-shop.ee\/en\/product\/fullmetal-alchemist-brotherhood-hello-good-smile-action-figure-edward-elric\/#primaryimage","url":"https:\/\/neko-shop.ee\/wp-content\/uploads\/2025\/12\/fullmetal-alchemist-brotherhood-hello-good-smile-action-figure-edward-elric.jpg","contentUrl":"https:\/\/neko-shop.ee\/wp-content\/uploads\/2025\/12\/fullmetal-alchemist-brotherhood-hello-good-smile-action-figure-edward-elric.jpg","width":1000,"height":1000},{"@type":"BreadcrumbList","@id":"https:\/\/neko-shop.ee\/en\/product\/fullmetal-alchemist-brotherhood-hello-good-smile-action-figure-edward-elric\/#breadcrumb","itemListElement":[{"@type":"ListItem","position":1,"name":"Shop","item":"https:\/\/neko-shop.ee\/en\/shop\/"},{"@type":"ListItem","position":2,"name":"Fullmetal Alchemist: Brotherhood HELLO! GOOD SMILE Action Figure Edward Elric"}]},{"@type":"WebSite","@id":"https:\/\/neko-shop.ee\/en\/#website","url":"https:\/\/neko-shop.ee\/en\/","name":"NEKO","description":"","potentialAction":[{"@type":"SearchAction","target":{"@type":"EntryPoint","urlTemplate":"https:\/\/neko-shop.ee\/en\/?s={search_term_string}"},"query-input":{"@type":"PropertyValueSpecification","valueRequired":true,"valueName":"search_term_string"}}],"inLanguage":"en-US"}]}},"_links":{"self":[{"href":"https:\/\/neko-shop.ee\/en\/wp-json\/wp\/v2\/product\/74837","targetHints":{"allow":["GET"]}}],"collection":[{"href":"https:\/\/neko-shop.ee\/en\/wp-json\/wp\/v2\/product"}],"about":[{"href":"https:\/\/neko-shop.ee\/en\/wp-json\/wp\/v2\/types\/product"}],"wp:featuredmedia":[{"embeddable":true,"href":"https:\/\/neko-shop.ee\/en\/wp-json\/wp\/v2\/media\/73829"}],"wp:attachment":[{"href":"https:\/\/neko-shop.ee\/en\/wp-json\/wp\/v2\/media?parent=74837"}],"wp:term":[{"taxonomy":"product_brand","embeddable":true,"href":"https:\/\/neko-shop.ee\/en\/wp-json\/wp\/v2\/product_brand?post=74837"},{"taxonomy":"product_cat","embeddable":true,"href":"https:\/\/neko-shop.ee\/en\/wp-json\/wp\/v2\/product_cat?post=74837"},{"taxonomy":"product_tag","embeddable":true,"href":"https:\/\/neko-shop.ee\/en\/wp-json\/wp\/v2\/product_tag?post=74837"},{"taxonomy":"source","embeddable":true,"href":"https:\/\/neko-shop.ee\/en\/wp-json\/wp\/v2\/source?post=74837"},{"taxonomy":"manufacturer","embeddable":true,"href":"https:\/\/neko-shop.ee\/en\/wp-json\/wp\/v2\/manufacturer?post=74837"},{"taxonomy":"material","embeddable":true,"href":"https:\/\/neko-shop.ee\/en\/wp-json\/wp\/v2\/material?post=74837"},{"taxonomy":"publisher","embeddable":true,"href":"https:\/\/neko-shop.ee\/en\/wp-json\/wp\/v2\/publisher?post=74837"},{"taxonomy":"genre","embeddable":true,"href":"https:\/\/neko-shop.ee\/en\/wp-json\/wp\/v2\/genre?post=74837"}],"curies":[{"name":"wp","href":"https:\/\/api.w.org\/{rel}","templated":true}]}}