{"id":75053,"date":"2025-12-06T12:48:24","date_gmt":"2025-12-06T12:48:24","guid":{"rendered":"https:\/\/neko-shop.ee\/product\/ariana-grande-poster-maxi-91-5x61-sit\/"},"modified":"2026-02-02T12:40:47","modified_gmt":"2026-02-02T12:40:47","slug":"ariana-grande-poster-maxi-91-5x61-sit","status":"publish","type":"product","link":"https:\/\/neko-shop.ee\/en\/product\/ariana-grande-poster-maxi-91-5x61-sit\/","title":{"rendered":"ARIANA GRANDE &#8211; Poster Maxi 91.5&#215;61 &#8211; Sit"},"content":{"rendered":"<h4>ABYstyle&#8217;i plakat, millel on ARIANA GRANDE.<\/h4>\n<p>Suurus: 91,5\u00d761 cm<\/p>\n<p>ABYstyle on spetsialiseerunud rikkalike v\u00e4rvide ja vastupidava tr\u00fckiga signatuurplakatitele. Nende tooted toovad esile originaalkunsti esteetika ja sobivad ideaalselt ruumide kaunistamiseks.<\/p>\n","protected":false},"excerpt":{"rendered":"<p>ABYstyle&#8217;i plakat, millel on ARIANA GRANDE. Suurus: 91,5\u00d761 cm ABYstyle on spetsialiseerunud rikkalike v\u00e4rvide ja vastupidava tr\u00fckiga signatuurplakatitele. Nende tooted toovad esile originaalkunsti esteetika ja sobivad ideaalselt ruumide kaunistamiseks.<\/p>\n","protected":false},"featured_media":75989,"template":"","meta":[],"product_brand":[],"product_cat":[2547],"product_tag":[],"source":[],"manufacturer":[],"material":[],"publisher":[],"genre":[],"class_list":{"0":"post-75053","1":"product","2":"type-product","3":"status-publish","4":"has-post-thumbnail","6":"product_cat-posters-en","8":"first","9":"instock","10":"taxable","11":"shipping-taxable","12":"purchasable","13":"product-type-simple"},"acf":[],"yoast_head":"<!-- This site is optimized with the Yoast SEO plugin v25.2 - https:\/\/yoast.com\/wordpress\/plugins\/seo\/ -->\n<title>ARIANA GRANDE - Poster Maxi 91.5x61 - Sit - NEKO<\/title>\n<meta name=\"robots\" content=\"index, follow, max-snippet:-1, max-image-preview:large, max-video-preview:-1\" \/>\n<link rel=\"canonical\" href=\"https:\/\/neko-shop.ee\/en\/product\/ariana-grande-poster-maxi-91-5x61-sit\/\" \/>\n<meta property=\"og:locale\" content=\"en_US\" \/>\n<meta property=\"og:type\" content=\"article\" \/>\n<meta property=\"og:title\" content=\"ARIANA GRANDE - Poster Maxi 91.5x61 - Sit - NEKO\" \/>\n<meta property=\"og:description\" content=\"ABYstyle&#8217;i plakat, millel on ARIANA GRANDE. Suurus: 91,5\u00d761 cm ABYstyle on spetsialiseerunud rikkalike v\u00e4rvide ja vastupidava tr\u00fckiga signatuurplakatitele. Nende tooted toovad esile originaalkunsti esteetika ja sobivad ideaalselt ruumide kaunistamiseks.\" \/>\n<meta property=\"og:url\" content=\"https:\/\/neko-shop.ee\/en\/product\/ariana-grande-poster-maxi-91-5x61-sit\/\" \/>\n<meta property=\"og:site_name\" content=\"NEKO\" \/>\n<meta property=\"article:modified_time\" content=\"2026-02-02T12:40:47+00:00\" \/>\n<meta name=\"twitter:card\" content=\"summary_large_image\" \/>\n<script type=\"application\/ld+json\" class=\"yoast-schema-graph\">{\"@context\":\"https:\/\/schema.org\",\"@graph\":[{\"@type\":\"WebPage\",\"@id\":\"https:\/\/neko-shop.ee\/en\/product\/ariana-grande-poster-maxi-91-5x61-sit\/\",\"url\":\"https:\/\/neko-shop.ee\/en\/product\/ariana-grande-poster-maxi-91-5x61-sit\/\",\"name\":\"ARIANA GRANDE - Poster Maxi 91.5x61 - Sit - NEKO\",\"isPartOf\":{\"@id\":\"https:\/\/neko-shop.ee\/en\/#website\"},\"primaryImageOfPage\":{\"@id\":\"https:\/\/neko-shop.ee\/en\/product\/ariana-grande-poster-maxi-91-5x61-sit\/#primaryimage\"},\"image\":{\"@id\":\"https:\/\/neko-shop.ee\/en\/product\/ariana-grande-poster-maxi-91-5x61-sit\/#primaryimage\"},\"thumbnailUrl\":\"https:\/\/neko-shop.ee\/wp-content\/uploads\/2025\/12\/aria.jpg\",\"datePublished\":\"2025-12-06T12:48:24+00:00\",\"dateModified\":\"2026-02-02T12:40:47+00:00\",\"breadcrumb\":{\"@id\":\"https:\/\/neko-shop.ee\/en\/product\/ariana-grande-poster-maxi-91-5x61-sit\/#breadcrumb\"},\"inLanguage\":\"en-US\",\"potentialAction\":[{\"@type\":\"ReadAction\",\"target\":[\"https:\/\/neko-shop.ee\/en\/product\/ariana-grande-poster-maxi-91-5x61-sit\/\"]}]},{\"@type\":\"ImageObject\",\"inLanguage\":\"en-US\",\"@id\":\"https:\/\/neko-shop.ee\/en\/product\/ariana-grande-poster-maxi-91-5x61-sit\/#primaryimage\",\"url\":\"https:\/\/neko-shop.ee\/wp-content\/uploads\/2025\/12\/aria.jpg\",\"contentUrl\":\"https:\/\/neko-shop.ee\/wp-content\/uploads\/2025\/12\/aria.jpg\",\"width\":1000,\"height\":1000},{\"@type\":\"BreadcrumbList\",\"@id\":\"https:\/\/neko-shop.ee\/en\/product\/ariana-grande-poster-maxi-91-5x61-sit\/#breadcrumb\",\"itemListElement\":[{\"@type\":\"ListItem\",\"position\":1,\"name\":\"Shop\",\"item\":\"https:\/\/neko-shop.ee\/en\/shop\/\"},{\"@type\":\"ListItem\",\"position\":2,\"name\":\"ARIANA GRANDE &#8212; Poster Maxi 91.5&#215;61 &#8212; Sit\"}]},{\"@type\":\"WebSite\",\"@id\":\"https:\/\/neko-shop.ee\/en\/#website\",\"url\":\"https:\/\/neko-shop.ee\/en\/\",\"name\":\"NEKO\",\"description\":\"\",\"potentialAction\":[{\"@type\":\"SearchAction\",\"target\":{\"@type\":\"EntryPoint\",\"urlTemplate\":\"https:\/\/neko-shop.ee\/en\/?s={search_term_string}\"},\"query-input\":{\"@type\":\"PropertyValueSpecification\",\"valueRequired\":true,\"valueName\":\"search_term_string\"}}],\"inLanguage\":\"en-US\"}]}<\/script>\n<!-- \/ Yoast SEO plugin. -->","yoast_head_json":{"title":"ARIANA GRANDE - Poster Maxi 91.5x61 - Sit - NEKO","robots":{"index":"index","follow":"follow","max-snippet":"max-snippet:-1","max-image-preview":"max-image-preview:large","max-video-preview":"max-video-preview:-1"},"canonical":"https:\/\/neko-shop.ee\/en\/product\/ariana-grande-poster-maxi-91-5x61-sit\/","og_locale":"en_US","og_type":"article","og_title":"ARIANA GRANDE - Poster Maxi 91.5x61 - Sit - NEKO","og_description":"ABYstyle&#8217;i plakat, millel on ARIANA GRANDE. Suurus: 91,5\u00d761 cm ABYstyle on spetsialiseerunud rikkalike v\u00e4rvide ja vastupidava tr\u00fckiga signatuurplakatitele. Nende tooted toovad esile originaalkunsti esteetika ja sobivad ideaalselt ruumide kaunistamiseks.","og_url":"https:\/\/neko-shop.ee\/en\/product\/ariana-grande-poster-maxi-91-5x61-sit\/","og_site_name":"NEKO","article_modified_time":"2026-02-02T12:40:47+00:00","twitter_card":"summary_large_image","schema":{"@context":"https:\/\/schema.org","@graph":[{"@type":"WebPage","@id":"https:\/\/neko-shop.ee\/en\/product\/ariana-grande-poster-maxi-91-5x61-sit\/","url":"https:\/\/neko-shop.ee\/en\/product\/ariana-grande-poster-maxi-91-5x61-sit\/","name":"ARIANA GRANDE - Poster Maxi 91.5x61 - Sit - NEKO","isPartOf":{"@id":"https:\/\/neko-shop.ee\/en\/#website"},"primaryImageOfPage":{"@id":"https:\/\/neko-shop.ee\/en\/product\/ariana-grande-poster-maxi-91-5x61-sit\/#primaryimage"},"image":{"@id":"https:\/\/neko-shop.ee\/en\/product\/ariana-grande-poster-maxi-91-5x61-sit\/#primaryimage"},"thumbnailUrl":"https:\/\/neko-shop.ee\/wp-content\/uploads\/2025\/12\/aria.jpg","datePublished":"2025-12-06T12:48:24+00:00","dateModified":"2026-02-02T12:40:47+00:00","breadcrumb":{"@id":"https:\/\/neko-shop.ee\/en\/product\/ariana-grande-poster-maxi-91-5x61-sit\/#breadcrumb"},"inLanguage":"en-US","potentialAction":[{"@type":"ReadAction","target":["https:\/\/neko-shop.ee\/en\/product\/ariana-grande-poster-maxi-91-5x61-sit\/"]}]},{"@type":"ImageObject","inLanguage":"en-US","@id":"https:\/\/neko-shop.ee\/en\/product\/ariana-grande-poster-maxi-91-5x61-sit\/#primaryimage","url":"https:\/\/neko-shop.ee\/wp-content\/uploads\/2025\/12\/aria.jpg","contentUrl":"https:\/\/neko-shop.ee\/wp-content\/uploads\/2025\/12\/aria.jpg","width":1000,"height":1000},{"@type":"BreadcrumbList","@id":"https:\/\/neko-shop.ee\/en\/product\/ariana-grande-poster-maxi-91-5x61-sit\/#breadcrumb","itemListElement":[{"@type":"ListItem","position":1,"name":"Shop","item":"https:\/\/neko-shop.ee\/en\/shop\/"},{"@type":"ListItem","position":2,"name":"ARIANA GRANDE &#8212; Poster Maxi 91.5&#215;61 &#8212; Sit"}]},{"@type":"WebSite","@id":"https:\/\/neko-shop.ee\/en\/#website","url":"https:\/\/neko-shop.ee\/en\/","name":"NEKO","description":"","potentialAction":[{"@type":"SearchAction","target":{"@type":"EntryPoint","urlTemplate":"https:\/\/neko-shop.ee\/en\/?s={search_term_string}"},"query-input":{"@type":"PropertyValueSpecification","valueRequired":true,"valueName":"search_term_string"}}],"inLanguage":"en-US"}]}},"_links":{"self":[{"href":"https:\/\/neko-shop.ee\/en\/wp-json\/wp\/v2\/product\/75053","targetHints":{"allow":["GET"]}}],"collection":[{"href":"https:\/\/neko-shop.ee\/en\/wp-json\/wp\/v2\/product"}],"about":[{"href":"https:\/\/neko-shop.ee\/en\/wp-json\/wp\/v2\/types\/product"}],"wp:featuredmedia":[{"embeddable":true,"href":"https:\/\/neko-shop.ee\/en\/wp-json\/wp\/v2\/media\/75989"}],"wp:attachment":[{"href":"https:\/\/neko-shop.ee\/en\/wp-json\/wp\/v2\/media?parent=75053"}],"wp:term":[{"taxonomy":"product_brand","embeddable":true,"href":"https:\/\/neko-shop.ee\/en\/wp-json\/wp\/v2\/product_brand?post=75053"},{"taxonomy":"product_cat","embeddable":true,"href":"https:\/\/neko-shop.ee\/en\/wp-json\/wp\/v2\/product_cat?post=75053"},{"taxonomy":"product_tag","embeddable":true,"href":"https:\/\/neko-shop.ee\/en\/wp-json\/wp\/v2\/product_tag?post=75053"},{"taxonomy":"source","embeddable":true,"href":"https:\/\/neko-shop.ee\/en\/wp-json\/wp\/v2\/source?post=75053"},{"taxonomy":"manufacturer","embeddable":true,"href":"https:\/\/neko-shop.ee\/en\/wp-json\/wp\/v2\/manufacturer?post=75053"},{"taxonomy":"material","embeddable":true,"href":"https:\/\/neko-shop.ee\/en\/wp-json\/wp\/v2\/material?post=75053"},{"taxonomy":"publisher","embeddable":true,"href":"https:\/\/neko-shop.ee\/en\/wp-json\/wp\/v2\/publisher?post=75053"},{"taxonomy":"genre","embeddable":true,"href":"https:\/\/neko-shop.ee\/en\/wp-json\/wp\/v2\/genre?post=75053"}],"curies":[{"name":"wp","href":"https:\/\/api.w.org\/{rel}","templated":true}]}}