{"id":75308,"date":"2025-12-06T12:50:29","date_gmt":"2025-12-06T12:50:29","guid":{"rendered":"https:\/\/neko-shop.ee\/product\/my-hero-academia-travel-mug-heroes-vs-villains\/"},"modified":"2026-02-02T12:40:54","modified_gmt":"2026-02-02T12:40:54","slug":"my-hero-academia-travel-mug-heroes-vs-villains","status":"publish","type":"product","link":"https:\/\/neko-shop.ee\/en\/product\/my-hero-academia-travel-mug-heroes-vs-villains\/","title":{"rendered":"MY HERO ACADEMIA &#8211; Travel mug &#8220;Heroes vs. Villains&#8221;"},"content":{"rendered":"<h4>MY HERO ACADEMIA &#8211; Travel mug &#8220;Heroes vs. Villains&#8221;&#8216;st inspireeritud matkakruus MY HERO ACADEMIA&#8217;ga.<\/h4>\n<p>ABYstyle loob kvaliteetseid litsentseeritud tooteid, mis on inspireeritud originaaluniversumite stiilist ja atmosf\u00e4\u00e4rist. Nende tooteid eristab vastupidavus, erksad v\u00e4rvid ja hoolikas meisterlikkus.<\/p>\n","protected":false},"excerpt":{"rendered":"<p>MY HERO ACADEMIA &#8211; Travel mug &#8220;Heroes vs. Villains&#8221;&#8216;st inspireeritud matkakruus MY HERO ACADEMIA&#8217;ga. ABYstyle loob kvaliteetseid litsentseeritud tooteid, mis on inspireeritud originaaluniversumite stiilist ja atmosf\u00e4\u00e4rist. Nende tooteid eristab vastupidavus, erksad v\u00e4rvid ja hoolikas meisterlikkus.<\/p>\n","protected":false},"featured_media":76568,"template":"","meta":[],"product_brand":[],"product_cat":[2545],"product_tag":[],"source":[],"manufacturer":[],"material":[],"publisher":[],"genre":[],"class_list":{"0":"post-75308","1":"product","2":"type-product","3":"status-publish","4":"has-post-thumbnail","6":"product_cat-abystyle-en","8":"first","9":"instock","10":"taxable","11":"shipping-taxable","12":"purchasable","13":"product-type-simple"},"acf":[],"yoast_head":"<!-- This site is optimized with the Yoast SEO plugin v25.2 - https:\/\/yoast.com\/wordpress\/plugins\/seo\/ -->\n<title>MY HERO ACADEMIA - Travel mug &quot;Heroes vs. Villains&quot; - NEKO<\/title>\n<meta name=\"robots\" content=\"index, follow, max-snippet:-1, max-image-preview:large, max-video-preview:-1\" \/>\n<link rel=\"canonical\" href=\"https:\/\/neko-shop.ee\/en\/product\/my-hero-academia-travel-mug-heroes-vs-villains\/\" \/>\n<meta property=\"og:locale\" content=\"en_US\" \/>\n<meta property=\"og:type\" content=\"article\" \/>\n<meta property=\"og:title\" content=\"MY HERO ACADEMIA - Travel mug &quot;Heroes vs. Villains&quot; - NEKO\" \/>\n<meta property=\"og:description\" content=\"MY HERO ACADEMIA &#8211; Travel mug &#8220;Heroes vs. Villains&#8221;&#8216;st inspireeritud matkakruus MY HERO ACADEMIA&#8217;ga. ABYstyle loob kvaliteetseid litsentseeritud tooteid, mis on inspireeritud originaaluniversumite stiilist ja atmosf\u00e4\u00e4rist. Nende tooteid eristab vastupidavus, erksad v\u00e4rvid ja hoolikas meisterlikkus.\" \/>\n<meta property=\"og:url\" content=\"https:\/\/neko-shop.ee\/en\/product\/my-hero-academia-travel-mug-heroes-vs-villains\/\" \/>\n<meta property=\"og:site_name\" content=\"NEKO\" \/>\n<meta property=\"article:modified_time\" content=\"2026-02-02T12:40:54+00:00\" \/>\n<meta name=\"twitter:card\" content=\"summary_large_image\" \/>\n<script type=\"application\/ld+json\" class=\"yoast-schema-graph\">{\"@context\":\"https:\/\/schema.org\",\"@graph\":[{\"@type\":\"WebPage\",\"@id\":\"https:\/\/neko-shop.ee\/en\/product\/my-hero-academia-travel-mug-heroes-vs-villains\/\",\"url\":\"https:\/\/neko-shop.ee\/en\/product\/my-hero-academia-travel-mug-heroes-vs-villains\/\",\"name\":\"MY HERO ACADEMIA - Travel mug \\\"Heroes vs. Villains\\\" - NEKO\",\"isPartOf\":{\"@id\":\"https:\/\/neko-shop.ee\/en\/#website\"},\"primaryImageOfPage\":{\"@id\":\"https:\/\/neko-shop.ee\/en\/product\/my-hero-academia-travel-mug-heroes-vs-villains\/#primaryimage\"},\"image\":{\"@id\":\"https:\/\/neko-shop.ee\/en\/product\/my-hero-academia-travel-mug-heroes-vs-villains\/#primaryimage\"},\"thumbnailUrl\":\"https:\/\/neko-shop.ee\/wp-content\/uploads\/2025\/12\/mhamug.jpg\",\"datePublished\":\"2025-12-06T12:50:29+00:00\",\"dateModified\":\"2026-02-02T12:40:54+00:00\",\"breadcrumb\":{\"@id\":\"https:\/\/neko-shop.ee\/en\/product\/my-hero-academia-travel-mug-heroes-vs-villains\/#breadcrumb\"},\"inLanguage\":\"en-US\",\"potentialAction\":[{\"@type\":\"ReadAction\",\"target\":[\"https:\/\/neko-shop.ee\/en\/product\/my-hero-academia-travel-mug-heroes-vs-villains\/\"]}]},{\"@type\":\"ImageObject\",\"inLanguage\":\"en-US\",\"@id\":\"https:\/\/neko-shop.ee\/en\/product\/my-hero-academia-travel-mug-heroes-vs-villains\/#primaryimage\",\"url\":\"https:\/\/neko-shop.ee\/wp-content\/uploads\/2025\/12\/mhamug.jpg\",\"contentUrl\":\"https:\/\/neko-shop.ee\/wp-content\/uploads\/2025\/12\/mhamug.jpg\",\"width\":1000,\"height\":1000},{\"@type\":\"BreadcrumbList\",\"@id\":\"https:\/\/neko-shop.ee\/en\/product\/my-hero-academia-travel-mug-heroes-vs-villains\/#breadcrumb\",\"itemListElement\":[{\"@type\":\"ListItem\",\"position\":1,\"name\":\"Shop\",\"item\":\"https:\/\/neko-shop.ee\/en\/shop\/\"},{\"@type\":\"ListItem\",\"position\":2,\"name\":\"MY HERO ACADEMIA &#8212; Travel mug &#171;Heroes vs. Villains&#187;\"}]},{\"@type\":\"WebSite\",\"@id\":\"https:\/\/neko-shop.ee\/en\/#website\",\"url\":\"https:\/\/neko-shop.ee\/en\/\",\"name\":\"NEKO\",\"description\":\"\",\"potentialAction\":[{\"@type\":\"SearchAction\",\"target\":{\"@type\":\"EntryPoint\",\"urlTemplate\":\"https:\/\/neko-shop.ee\/en\/?s={search_term_string}\"},\"query-input\":{\"@type\":\"PropertyValueSpecification\",\"valueRequired\":true,\"valueName\":\"search_term_string\"}}],\"inLanguage\":\"en-US\"}]}<\/script>\n<!-- \/ Yoast SEO plugin. -->","yoast_head_json":{"title":"MY HERO ACADEMIA - Travel mug \"Heroes vs. Villains\" - NEKO","robots":{"index":"index","follow":"follow","max-snippet":"max-snippet:-1","max-image-preview":"max-image-preview:large","max-video-preview":"max-video-preview:-1"},"canonical":"https:\/\/neko-shop.ee\/en\/product\/my-hero-academia-travel-mug-heroes-vs-villains\/","og_locale":"en_US","og_type":"article","og_title":"MY HERO ACADEMIA - Travel mug \"Heroes vs. Villains\" - NEKO","og_description":"MY HERO ACADEMIA &#8211; Travel mug &#8220;Heroes vs. Villains&#8221;&#8216;st inspireeritud matkakruus MY HERO ACADEMIA&#8217;ga. ABYstyle loob kvaliteetseid litsentseeritud tooteid, mis on inspireeritud originaaluniversumite stiilist ja atmosf\u00e4\u00e4rist. Nende tooteid eristab vastupidavus, erksad v\u00e4rvid ja hoolikas meisterlikkus.","og_url":"https:\/\/neko-shop.ee\/en\/product\/my-hero-academia-travel-mug-heroes-vs-villains\/","og_site_name":"NEKO","article_modified_time":"2026-02-02T12:40:54+00:00","twitter_card":"summary_large_image","schema":{"@context":"https:\/\/schema.org","@graph":[{"@type":"WebPage","@id":"https:\/\/neko-shop.ee\/en\/product\/my-hero-academia-travel-mug-heroes-vs-villains\/","url":"https:\/\/neko-shop.ee\/en\/product\/my-hero-academia-travel-mug-heroes-vs-villains\/","name":"MY HERO ACADEMIA - Travel mug \"Heroes vs. Villains\" - NEKO","isPartOf":{"@id":"https:\/\/neko-shop.ee\/en\/#website"},"primaryImageOfPage":{"@id":"https:\/\/neko-shop.ee\/en\/product\/my-hero-academia-travel-mug-heroes-vs-villains\/#primaryimage"},"image":{"@id":"https:\/\/neko-shop.ee\/en\/product\/my-hero-academia-travel-mug-heroes-vs-villains\/#primaryimage"},"thumbnailUrl":"https:\/\/neko-shop.ee\/wp-content\/uploads\/2025\/12\/mhamug.jpg","datePublished":"2025-12-06T12:50:29+00:00","dateModified":"2026-02-02T12:40:54+00:00","breadcrumb":{"@id":"https:\/\/neko-shop.ee\/en\/product\/my-hero-academia-travel-mug-heroes-vs-villains\/#breadcrumb"},"inLanguage":"en-US","potentialAction":[{"@type":"ReadAction","target":["https:\/\/neko-shop.ee\/en\/product\/my-hero-academia-travel-mug-heroes-vs-villains\/"]}]},{"@type":"ImageObject","inLanguage":"en-US","@id":"https:\/\/neko-shop.ee\/en\/product\/my-hero-academia-travel-mug-heroes-vs-villains\/#primaryimage","url":"https:\/\/neko-shop.ee\/wp-content\/uploads\/2025\/12\/mhamug.jpg","contentUrl":"https:\/\/neko-shop.ee\/wp-content\/uploads\/2025\/12\/mhamug.jpg","width":1000,"height":1000},{"@type":"BreadcrumbList","@id":"https:\/\/neko-shop.ee\/en\/product\/my-hero-academia-travel-mug-heroes-vs-villains\/#breadcrumb","itemListElement":[{"@type":"ListItem","position":1,"name":"Shop","item":"https:\/\/neko-shop.ee\/en\/shop\/"},{"@type":"ListItem","position":2,"name":"MY HERO ACADEMIA &#8212; Travel mug &#171;Heroes vs. Villains&#187;"}]},{"@type":"WebSite","@id":"https:\/\/neko-shop.ee\/en\/#website","url":"https:\/\/neko-shop.ee\/en\/","name":"NEKO","description":"","potentialAction":[{"@type":"SearchAction","target":{"@type":"EntryPoint","urlTemplate":"https:\/\/neko-shop.ee\/en\/?s={search_term_string}"},"query-input":{"@type":"PropertyValueSpecification","valueRequired":true,"valueName":"search_term_string"}}],"inLanguage":"en-US"}]}},"_links":{"self":[{"href":"https:\/\/neko-shop.ee\/en\/wp-json\/wp\/v2\/product\/75308","targetHints":{"allow":["GET"]}}],"collection":[{"href":"https:\/\/neko-shop.ee\/en\/wp-json\/wp\/v2\/product"}],"about":[{"href":"https:\/\/neko-shop.ee\/en\/wp-json\/wp\/v2\/types\/product"}],"wp:featuredmedia":[{"embeddable":true,"href":"https:\/\/neko-shop.ee\/en\/wp-json\/wp\/v2\/media\/76568"}],"wp:attachment":[{"href":"https:\/\/neko-shop.ee\/en\/wp-json\/wp\/v2\/media?parent=75308"}],"wp:term":[{"taxonomy":"product_brand","embeddable":true,"href":"https:\/\/neko-shop.ee\/en\/wp-json\/wp\/v2\/product_brand?post=75308"},{"taxonomy":"product_cat","embeddable":true,"href":"https:\/\/neko-shop.ee\/en\/wp-json\/wp\/v2\/product_cat?post=75308"},{"taxonomy":"product_tag","embeddable":true,"href":"https:\/\/neko-shop.ee\/en\/wp-json\/wp\/v2\/product_tag?post=75308"},{"taxonomy":"source","embeddable":true,"href":"https:\/\/neko-shop.ee\/en\/wp-json\/wp\/v2\/source?post=75308"},{"taxonomy":"manufacturer","embeddable":true,"href":"https:\/\/neko-shop.ee\/en\/wp-json\/wp\/v2\/manufacturer?post=75308"},{"taxonomy":"material","embeddable":true,"href":"https:\/\/neko-shop.ee\/en\/wp-json\/wp\/v2\/material?post=75308"},{"taxonomy":"publisher","embeddable":true,"href":"https:\/\/neko-shop.ee\/en\/wp-json\/wp\/v2\/publisher?post=75308"},{"taxonomy":"genre","embeddable":true,"href":"https:\/\/neko-shop.ee\/en\/wp-json\/wp\/v2\/genre?post=75308"}],"curies":[{"name":"wp","href":"https:\/\/api.w.org\/{rel}","templated":true}]}}