{"id":75428,"date":"2025-12-06T12:51:25","date_gmt":"2025-12-06T12:51:25","guid":{"rendered":"https:\/\/neko-shop.ee\/product\/harry-potter-keychain-3d-gryffindor-hourglass\/"},"modified":"2026-02-02T12:40:58","modified_gmt":"2026-02-02T12:40:58","slug":"harry-potter-keychain-3d-gryffindor-hourglass","status":"publish","type":"product","link":"https:\/\/neko-shop.ee\/en\/product\/harry-potter-keychain-3d-gryffindor-hourglass\/","title":{"rendered":"HARRY POTTER &#8211; Keychain 3D &#8220;Gryffindor hourglass&#8221;"},"content":{"rendered":"<h4>HARRY POTTER &#8211; Keychain 3D &#8220;Gryffindor hourglass&#8221;&#8216;st inspireeritud 3d v\u00f5tmehoidja HARRY POTTER&#8217;iga.<\/h4>\n<p>ABYstyle loob kvaliteetseid litsentseeritud tooteid, mis on inspireeritud originaaluniversumite stiilist ja atmosf\u00e4\u00e4rist. Nende tooteid eristab vastupidavus, erksad v\u00e4rvid ja hoolikas meisterlikkus.<\/p>\n","protected":false},"excerpt":{"rendered":"<p>HARRY POTTER &#8211; Keychain 3D &#8220;Gryffindor hourglass&#8221;&#8216;st inspireeritud 3d v\u00f5tmehoidja HARRY POTTER&#8217;iga. ABYstyle loob kvaliteetseid litsentseeritud tooteid, mis on inspireeritud originaaluniversumite stiilist ja atmosf\u00e4\u00e4rist. Nende tooteid eristab vastupidavus, erksad v\u00e4rvid ja hoolikas meisterlikkus.<\/p>\n","protected":false},"featured_media":76962,"template":"","meta":[],"product_brand":[],"product_cat":[2545],"product_tag":[],"source":[],"manufacturer":[],"material":[],"publisher":[],"genre":[],"class_list":{"0":"post-75428","1":"product","2":"type-product","3":"status-publish","4":"has-post-thumbnail","6":"product_cat-abystyle-en","8":"first","9":"instock","10":"taxable","11":"shipping-taxable","12":"purchasable","13":"product-type-simple"},"acf":[],"yoast_head":"<!-- This site is optimized with the Yoast SEO plugin v25.2 - https:\/\/yoast.com\/wordpress\/plugins\/seo\/ -->\n<title>HARRY POTTER - Keychain 3D &quot;Gryffindor hourglass&quot; - NEKO<\/title>\n<meta name=\"robots\" content=\"index, follow, max-snippet:-1, max-image-preview:large, max-video-preview:-1\" \/>\n<link rel=\"canonical\" href=\"https:\/\/neko-shop.ee\/en\/product\/harry-potter-keychain-3d-gryffindor-hourglass\/\" \/>\n<meta property=\"og:locale\" content=\"en_US\" \/>\n<meta property=\"og:type\" content=\"article\" \/>\n<meta property=\"og:title\" content=\"HARRY POTTER - Keychain 3D &quot;Gryffindor hourglass&quot; - NEKO\" \/>\n<meta property=\"og:description\" content=\"HARRY POTTER &#8211; Keychain 3D &#8220;Gryffindor hourglass&#8221;&#8216;st inspireeritud 3d v\u00f5tmehoidja HARRY POTTER&#8217;iga. ABYstyle loob kvaliteetseid litsentseeritud tooteid, mis on inspireeritud originaaluniversumite stiilist ja atmosf\u00e4\u00e4rist. Nende tooteid eristab vastupidavus, erksad v\u00e4rvid ja hoolikas meisterlikkus.\" \/>\n<meta property=\"og:url\" content=\"https:\/\/neko-shop.ee\/en\/product\/harry-potter-keychain-3d-gryffindor-hourglass\/\" \/>\n<meta property=\"og:site_name\" content=\"NEKO\" \/>\n<meta property=\"article:modified_time\" content=\"2026-02-02T12:40:58+00:00\" \/>\n<meta name=\"twitter:card\" content=\"summary_large_image\" \/>\n<script type=\"application\/ld+json\" class=\"yoast-schema-graph\">{\"@context\":\"https:\/\/schema.org\",\"@graph\":[{\"@type\":\"WebPage\",\"@id\":\"https:\/\/neko-shop.ee\/en\/product\/harry-potter-keychain-3d-gryffindor-hourglass\/\",\"url\":\"https:\/\/neko-shop.ee\/en\/product\/harry-potter-keychain-3d-gryffindor-hourglass\/\",\"name\":\"HARRY POTTER - Keychain 3D \\\"Gryffindor hourglass\\\" - NEKO\",\"isPartOf\":{\"@id\":\"https:\/\/neko-shop.ee\/en\/#website\"},\"primaryImageOfPage\":{\"@id\":\"https:\/\/neko-shop.ee\/en\/product\/harry-potter-keychain-3d-gryffindor-hourglass\/#primaryimage\"},\"image\":{\"@id\":\"https:\/\/neko-shop.ee\/en\/product\/harry-potter-keychain-3d-gryffindor-hourglass\/#primaryimage\"},\"thumbnailUrl\":\"https:\/\/neko-shop.ee\/wp-content\/uploads\/2025\/12\/121.jpg\",\"datePublished\":\"2025-12-06T12:51:25+00:00\",\"dateModified\":\"2026-02-02T12:40:58+00:00\",\"breadcrumb\":{\"@id\":\"https:\/\/neko-shop.ee\/en\/product\/harry-potter-keychain-3d-gryffindor-hourglass\/#breadcrumb\"},\"inLanguage\":\"en-US\",\"potentialAction\":[{\"@type\":\"ReadAction\",\"target\":[\"https:\/\/neko-shop.ee\/en\/product\/harry-potter-keychain-3d-gryffindor-hourglass\/\"]}]},{\"@type\":\"ImageObject\",\"inLanguage\":\"en-US\",\"@id\":\"https:\/\/neko-shop.ee\/en\/product\/harry-potter-keychain-3d-gryffindor-hourglass\/#primaryimage\",\"url\":\"https:\/\/neko-shop.ee\/wp-content\/uploads\/2025\/12\/121.jpg\",\"contentUrl\":\"https:\/\/neko-shop.ee\/wp-content\/uploads\/2025\/12\/121.jpg\",\"width\":1000,\"height\":1000},{\"@type\":\"BreadcrumbList\",\"@id\":\"https:\/\/neko-shop.ee\/en\/product\/harry-potter-keychain-3d-gryffindor-hourglass\/#breadcrumb\",\"itemListElement\":[{\"@type\":\"ListItem\",\"position\":1,\"name\":\"Shop\",\"item\":\"https:\/\/neko-shop.ee\/en\/shop\/\"},{\"@type\":\"ListItem\",\"position\":2,\"name\":\"HARRY POTTER &#8212; Keychain 3D &#171;Gryffindor hourglass&#187;\"}]},{\"@type\":\"WebSite\",\"@id\":\"https:\/\/neko-shop.ee\/en\/#website\",\"url\":\"https:\/\/neko-shop.ee\/en\/\",\"name\":\"NEKO\",\"description\":\"\",\"potentialAction\":[{\"@type\":\"SearchAction\",\"target\":{\"@type\":\"EntryPoint\",\"urlTemplate\":\"https:\/\/neko-shop.ee\/en\/?s={search_term_string}\"},\"query-input\":{\"@type\":\"PropertyValueSpecification\",\"valueRequired\":true,\"valueName\":\"search_term_string\"}}],\"inLanguage\":\"en-US\"}]}<\/script>\n<!-- \/ Yoast SEO plugin. -->","yoast_head_json":{"title":"HARRY POTTER - Keychain 3D \"Gryffindor hourglass\" - NEKO","robots":{"index":"index","follow":"follow","max-snippet":"max-snippet:-1","max-image-preview":"max-image-preview:large","max-video-preview":"max-video-preview:-1"},"canonical":"https:\/\/neko-shop.ee\/en\/product\/harry-potter-keychain-3d-gryffindor-hourglass\/","og_locale":"en_US","og_type":"article","og_title":"HARRY POTTER - Keychain 3D \"Gryffindor hourglass\" - NEKO","og_description":"HARRY POTTER &#8211; Keychain 3D &#8220;Gryffindor hourglass&#8221;&#8216;st inspireeritud 3d v\u00f5tmehoidja HARRY POTTER&#8217;iga. ABYstyle loob kvaliteetseid litsentseeritud tooteid, mis on inspireeritud originaaluniversumite stiilist ja atmosf\u00e4\u00e4rist. Nende tooteid eristab vastupidavus, erksad v\u00e4rvid ja hoolikas meisterlikkus.","og_url":"https:\/\/neko-shop.ee\/en\/product\/harry-potter-keychain-3d-gryffindor-hourglass\/","og_site_name":"NEKO","article_modified_time":"2026-02-02T12:40:58+00:00","twitter_card":"summary_large_image","schema":{"@context":"https:\/\/schema.org","@graph":[{"@type":"WebPage","@id":"https:\/\/neko-shop.ee\/en\/product\/harry-potter-keychain-3d-gryffindor-hourglass\/","url":"https:\/\/neko-shop.ee\/en\/product\/harry-potter-keychain-3d-gryffindor-hourglass\/","name":"HARRY POTTER - Keychain 3D \"Gryffindor hourglass\" - NEKO","isPartOf":{"@id":"https:\/\/neko-shop.ee\/en\/#website"},"primaryImageOfPage":{"@id":"https:\/\/neko-shop.ee\/en\/product\/harry-potter-keychain-3d-gryffindor-hourglass\/#primaryimage"},"image":{"@id":"https:\/\/neko-shop.ee\/en\/product\/harry-potter-keychain-3d-gryffindor-hourglass\/#primaryimage"},"thumbnailUrl":"https:\/\/neko-shop.ee\/wp-content\/uploads\/2025\/12\/121.jpg","datePublished":"2025-12-06T12:51:25+00:00","dateModified":"2026-02-02T12:40:58+00:00","breadcrumb":{"@id":"https:\/\/neko-shop.ee\/en\/product\/harry-potter-keychain-3d-gryffindor-hourglass\/#breadcrumb"},"inLanguage":"en-US","potentialAction":[{"@type":"ReadAction","target":["https:\/\/neko-shop.ee\/en\/product\/harry-potter-keychain-3d-gryffindor-hourglass\/"]}]},{"@type":"ImageObject","inLanguage":"en-US","@id":"https:\/\/neko-shop.ee\/en\/product\/harry-potter-keychain-3d-gryffindor-hourglass\/#primaryimage","url":"https:\/\/neko-shop.ee\/wp-content\/uploads\/2025\/12\/121.jpg","contentUrl":"https:\/\/neko-shop.ee\/wp-content\/uploads\/2025\/12\/121.jpg","width":1000,"height":1000},{"@type":"BreadcrumbList","@id":"https:\/\/neko-shop.ee\/en\/product\/harry-potter-keychain-3d-gryffindor-hourglass\/#breadcrumb","itemListElement":[{"@type":"ListItem","position":1,"name":"Shop","item":"https:\/\/neko-shop.ee\/en\/shop\/"},{"@type":"ListItem","position":2,"name":"HARRY POTTER &#8212; Keychain 3D &#171;Gryffindor hourglass&#187;"}]},{"@type":"WebSite","@id":"https:\/\/neko-shop.ee\/en\/#website","url":"https:\/\/neko-shop.ee\/en\/","name":"NEKO","description":"","potentialAction":[{"@type":"SearchAction","target":{"@type":"EntryPoint","urlTemplate":"https:\/\/neko-shop.ee\/en\/?s={search_term_string}"},"query-input":{"@type":"PropertyValueSpecification","valueRequired":true,"valueName":"search_term_string"}}],"inLanguage":"en-US"}]}},"_links":{"self":[{"href":"https:\/\/neko-shop.ee\/en\/wp-json\/wp\/v2\/product\/75428","targetHints":{"allow":["GET"]}}],"collection":[{"href":"https:\/\/neko-shop.ee\/en\/wp-json\/wp\/v2\/product"}],"about":[{"href":"https:\/\/neko-shop.ee\/en\/wp-json\/wp\/v2\/types\/product"}],"wp:featuredmedia":[{"embeddable":true,"href":"https:\/\/neko-shop.ee\/en\/wp-json\/wp\/v2\/media\/76962"}],"wp:attachment":[{"href":"https:\/\/neko-shop.ee\/en\/wp-json\/wp\/v2\/media?parent=75428"}],"wp:term":[{"taxonomy":"product_brand","embeddable":true,"href":"https:\/\/neko-shop.ee\/en\/wp-json\/wp\/v2\/product_brand?post=75428"},{"taxonomy":"product_cat","embeddable":true,"href":"https:\/\/neko-shop.ee\/en\/wp-json\/wp\/v2\/product_cat?post=75428"},{"taxonomy":"product_tag","embeddable":true,"href":"https:\/\/neko-shop.ee\/en\/wp-json\/wp\/v2\/product_tag?post=75428"},{"taxonomy":"source","embeddable":true,"href":"https:\/\/neko-shop.ee\/en\/wp-json\/wp\/v2\/source?post=75428"},{"taxonomy":"manufacturer","embeddable":true,"href":"https:\/\/neko-shop.ee\/en\/wp-json\/wp\/v2\/manufacturer?post=75428"},{"taxonomy":"material","embeddable":true,"href":"https:\/\/neko-shop.ee\/en\/wp-json\/wp\/v2\/material?post=75428"},{"taxonomy":"publisher","embeddable":true,"href":"https:\/\/neko-shop.ee\/en\/wp-json\/wp\/v2\/publisher?post=75428"},{"taxonomy":"genre","embeddable":true,"href":"https:\/\/neko-shop.ee\/en\/wp-json\/wp\/v2\/genre?post=75428"}],"curies":[{"name":"wp","href":"https:\/\/api.w.org\/{rel}","templated":true}]}}