{"id":75653,"date":"2025-12-06T12:53:13","date_gmt":"2025-12-06T12:53:13","guid":{"rendered":"https:\/\/neko-shop.ee\/product\/naruto-shippuden-messenger-bag-good-guys-vinyl\/"},"modified":"2026-02-02T12:41:05","modified_gmt":"2026-02-02T12:41:05","slug":"naruto-shippuden-messenger-bag-good-guys-vinyl","status":"publish","type":"product","link":"https:\/\/neko-shop.ee\/en\/product\/naruto-shippuden-messenger-bag-good-guys-vinyl\/","title":{"rendered":"NARUTO SHIPPUDEN &#8211; Messenger Bag &#8220;Good guys&#8221; &#8211; Vinyl"},"content":{"rendered":"<h4>NARUTO SHIPPUDEN &#8211; Messenger Bag &#8220;Good guys&#8221; &#8211; Vinyl&#8217;st inspireeritud kott NARUTO&#8217;ga.<\/h4>\n<p>ABYstyle loob kvaliteetseid litsentseeritud tooteid, mis on inspireeritud originaaluniversumite stiilist ja atmosf\u00e4\u00e4rist. Nende tooteid eristab vastupidavus, erksad v\u00e4rvid ja hoolikas meisterlikkus.<\/p>\n","protected":false},"excerpt":{"rendered":"<p>NARUTO SHIPPUDEN &#8211; Messenger Bag &#8220;Good guys&#8221; &#8211; Vinyl&#8217;st inspireeritud kott NARUTO&#8217;ga. ABYstyle loob kvaliteetseid litsentseeritud tooteid, mis on inspireeritud originaaluniversumite stiilist ja atmosf\u00e4\u00e4rist. Nende tooteid eristab vastupidavus, erksad v\u00e4rvid ja hoolikas meisterlikkus.<\/p>\n","protected":false},"featured_media":76631,"template":"","meta":[],"product_brand":[],"product_cat":[2545],"product_tag":[],"source":[],"manufacturer":[],"material":[],"publisher":[],"genre":[],"class_list":{"0":"post-75653","1":"product","2":"type-product","3":"status-publish","4":"has-post-thumbnail","6":"product_cat-abystyle-en","8":"first","9":"instock","10":"taxable","11":"shipping-taxable","12":"purchasable","13":"product-type-simple"},"acf":[],"yoast_head":"<!-- This site is optimized with the Yoast SEO plugin v25.2 - https:\/\/yoast.com\/wordpress\/plugins\/seo\/ -->\n<title>NARUTO SHIPPUDEN - Messenger Bag &quot;Good guys&quot; - Vinyl - NEKO<\/title>\n<meta name=\"robots\" content=\"index, follow, max-snippet:-1, max-image-preview:large, max-video-preview:-1\" \/>\n<link rel=\"canonical\" href=\"https:\/\/neko-shop.ee\/en\/product\/naruto-shippuden-messenger-bag-good-guys-vinyl\/\" \/>\n<meta property=\"og:locale\" content=\"en_US\" \/>\n<meta property=\"og:type\" content=\"article\" \/>\n<meta property=\"og:title\" content=\"NARUTO SHIPPUDEN - Messenger Bag &quot;Good guys&quot; - Vinyl - NEKO\" \/>\n<meta property=\"og:description\" content=\"NARUTO SHIPPUDEN &#8211; Messenger Bag &#8220;Good guys&#8221; &#8211; Vinyl&#8217;st inspireeritud kott NARUTO&#8217;ga. ABYstyle loob kvaliteetseid litsentseeritud tooteid, mis on inspireeritud originaaluniversumite stiilist ja atmosf\u00e4\u00e4rist. Nende tooteid eristab vastupidavus, erksad v\u00e4rvid ja hoolikas meisterlikkus.\" \/>\n<meta property=\"og:url\" content=\"https:\/\/neko-shop.ee\/en\/product\/naruto-shippuden-messenger-bag-good-guys-vinyl\/\" \/>\n<meta property=\"og:site_name\" content=\"NEKO\" \/>\n<meta property=\"article:modified_time\" content=\"2026-02-02T12:41:05+00:00\" \/>\n<meta name=\"twitter:card\" content=\"summary_large_image\" \/>\n<script type=\"application\/ld+json\" class=\"yoast-schema-graph\">{\"@context\":\"https:\/\/schema.org\",\"@graph\":[{\"@type\":\"WebPage\",\"@id\":\"https:\/\/neko-shop.ee\/en\/product\/naruto-shippuden-messenger-bag-good-guys-vinyl\/\",\"url\":\"https:\/\/neko-shop.ee\/en\/product\/naruto-shippuden-messenger-bag-good-guys-vinyl\/\",\"name\":\"NARUTO SHIPPUDEN - Messenger Bag \\\"Good guys\\\" - Vinyl - NEKO\",\"isPartOf\":{\"@id\":\"https:\/\/neko-shop.ee\/en\/#website\"},\"primaryImageOfPage\":{\"@id\":\"https:\/\/neko-shop.ee\/en\/product\/naruto-shippuden-messenger-bag-good-guys-vinyl\/#primaryimage\"},\"image\":{\"@id\":\"https:\/\/neko-shop.ee\/en\/product\/naruto-shippuden-messenger-bag-good-guys-vinyl\/#primaryimage\"},\"thumbnailUrl\":\"https:\/\/neko-shop.ee\/wp-content\/uploads\/2025\/12\/narbagf.jpg\",\"datePublished\":\"2025-12-06T12:53:13+00:00\",\"dateModified\":\"2026-02-02T12:41:05+00:00\",\"breadcrumb\":{\"@id\":\"https:\/\/neko-shop.ee\/en\/product\/naruto-shippuden-messenger-bag-good-guys-vinyl\/#breadcrumb\"},\"inLanguage\":\"en-US\",\"potentialAction\":[{\"@type\":\"ReadAction\",\"target\":[\"https:\/\/neko-shop.ee\/en\/product\/naruto-shippuden-messenger-bag-good-guys-vinyl\/\"]}]},{\"@type\":\"ImageObject\",\"inLanguage\":\"en-US\",\"@id\":\"https:\/\/neko-shop.ee\/en\/product\/naruto-shippuden-messenger-bag-good-guys-vinyl\/#primaryimage\",\"url\":\"https:\/\/neko-shop.ee\/wp-content\/uploads\/2025\/12\/narbagf.jpg\",\"contentUrl\":\"https:\/\/neko-shop.ee\/wp-content\/uploads\/2025\/12\/narbagf.jpg\",\"width\":1000,\"height\":1000},{\"@type\":\"BreadcrumbList\",\"@id\":\"https:\/\/neko-shop.ee\/en\/product\/naruto-shippuden-messenger-bag-good-guys-vinyl\/#breadcrumb\",\"itemListElement\":[{\"@type\":\"ListItem\",\"position\":1,\"name\":\"Shop\",\"item\":\"https:\/\/neko-shop.ee\/en\/shop\/\"},{\"@type\":\"ListItem\",\"position\":2,\"name\":\"NARUTO SHIPPUDEN &#8212; Messenger Bag &#171;Good guys&#187; &#8212; Vinyl\"}]},{\"@type\":\"WebSite\",\"@id\":\"https:\/\/neko-shop.ee\/en\/#website\",\"url\":\"https:\/\/neko-shop.ee\/en\/\",\"name\":\"NEKO\",\"description\":\"\",\"potentialAction\":[{\"@type\":\"SearchAction\",\"target\":{\"@type\":\"EntryPoint\",\"urlTemplate\":\"https:\/\/neko-shop.ee\/en\/?s={search_term_string}\"},\"query-input\":{\"@type\":\"PropertyValueSpecification\",\"valueRequired\":true,\"valueName\":\"search_term_string\"}}],\"inLanguage\":\"en-US\"}]}<\/script>\n<!-- \/ Yoast SEO plugin. -->","yoast_head_json":{"title":"NARUTO SHIPPUDEN - Messenger Bag \"Good guys\" - Vinyl - NEKO","robots":{"index":"index","follow":"follow","max-snippet":"max-snippet:-1","max-image-preview":"max-image-preview:large","max-video-preview":"max-video-preview:-1"},"canonical":"https:\/\/neko-shop.ee\/en\/product\/naruto-shippuden-messenger-bag-good-guys-vinyl\/","og_locale":"en_US","og_type":"article","og_title":"NARUTO SHIPPUDEN - Messenger Bag \"Good guys\" - Vinyl - NEKO","og_description":"NARUTO SHIPPUDEN &#8211; Messenger Bag &#8220;Good guys&#8221; &#8211; Vinyl&#8217;st inspireeritud kott NARUTO&#8217;ga. ABYstyle loob kvaliteetseid litsentseeritud tooteid, mis on inspireeritud originaaluniversumite stiilist ja atmosf\u00e4\u00e4rist. Nende tooteid eristab vastupidavus, erksad v\u00e4rvid ja hoolikas meisterlikkus.","og_url":"https:\/\/neko-shop.ee\/en\/product\/naruto-shippuden-messenger-bag-good-guys-vinyl\/","og_site_name":"NEKO","article_modified_time":"2026-02-02T12:41:05+00:00","twitter_card":"summary_large_image","schema":{"@context":"https:\/\/schema.org","@graph":[{"@type":"WebPage","@id":"https:\/\/neko-shop.ee\/en\/product\/naruto-shippuden-messenger-bag-good-guys-vinyl\/","url":"https:\/\/neko-shop.ee\/en\/product\/naruto-shippuden-messenger-bag-good-guys-vinyl\/","name":"NARUTO SHIPPUDEN - Messenger Bag \"Good guys\" - Vinyl - NEKO","isPartOf":{"@id":"https:\/\/neko-shop.ee\/en\/#website"},"primaryImageOfPage":{"@id":"https:\/\/neko-shop.ee\/en\/product\/naruto-shippuden-messenger-bag-good-guys-vinyl\/#primaryimage"},"image":{"@id":"https:\/\/neko-shop.ee\/en\/product\/naruto-shippuden-messenger-bag-good-guys-vinyl\/#primaryimage"},"thumbnailUrl":"https:\/\/neko-shop.ee\/wp-content\/uploads\/2025\/12\/narbagf.jpg","datePublished":"2025-12-06T12:53:13+00:00","dateModified":"2026-02-02T12:41:05+00:00","breadcrumb":{"@id":"https:\/\/neko-shop.ee\/en\/product\/naruto-shippuden-messenger-bag-good-guys-vinyl\/#breadcrumb"},"inLanguage":"en-US","potentialAction":[{"@type":"ReadAction","target":["https:\/\/neko-shop.ee\/en\/product\/naruto-shippuden-messenger-bag-good-guys-vinyl\/"]}]},{"@type":"ImageObject","inLanguage":"en-US","@id":"https:\/\/neko-shop.ee\/en\/product\/naruto-shippuden-messenger-bag-good-guys-vinyl\/#primaryimage","url":"https:\/\/neko-shop.ee\/wp-content\/uploads\/2025\/12\/narbagf.jpg","contentUrl":"https:\/\/neko-shop.ee\/wp-content\/uploads\/2025\/12\/narbagf.jpg","width":1000,"height":1000},{"@type":"BreadcrumbList","@id":"https:\/\/neko-shop.ee\/en\/product\/naruto-shippuden-messenger-bag-good-guys-vinyl\/#breadcrumb","itemListElement":[{"@type":"ListItem","position":1,"name":"Shop","item":"https:\/\/neko-shop.ee\/en\/shop\/"},{"@type":"ListItem","position":2,"name":"NARUTO SHIPPUDEN &#8212; Messenger Bag &#171;Good guys&#187; &#8212; Vinyl"}]},{"@type":"WebSite","@id":"https:\/\/neko-shop.ee\/en\/#website","url":"https:\/\/neko-shop.ee\/en\/","name":"NEKO","description":"","potentialAction":[{"@type":"SearchAction","target":{"@type":"EntryPoint","urlTemplate":"https:\/\/neko-shop.ee\/en\/?s={search_term_string}"},"query-input":{"@type":"PropertyValueSpecification","valueRequired":true,"valueName":"search_term_string"}}],"inLanguage":"en-US"}]}},"_links":{"self":[{"href":"https:\/\/neko-shop.ee\/en\/wp-json\/wp\/v2\/product\/75653","targetHints":{"allow":["GET"]}}],"collection":[{"href":"https:\/\/neko-shop.ee\/en\/wp-json\/wp\/v2\/product"}],"about":[{"href":"https:\/\/neko-shop.ee\/en\/wp-json\/wp\/v2\/types\/product"}],"wp:featuredmedia":[{"embeddable":true,"href":"https:\/\/neko-shop.ee\/en\/wp-json\/wp\/v2\/media\/76631"}],"wp:attachment":[{"href":"https:\/\/neko-shop.ee\/en\/wp-json\/wp\/v2\/media?parent=75653"}],"wp:term":[{"taxonomy":"product_brand","embeddable":true,"href":"https:\/\/neko-shop.ee\/en\/wp-json\/wp\/v2\/product_brand?post=75653"},{"taxonomy":"product_cat","embeddable":true,"href":"https:\/\/neko-shop.ee\/en\/wp-json\/wp\/v2\/product_cat?post=75653"},{"taxonomy":"product_tag","embeddable":true,"href":"https:\/\/neko-shop.ee\/en\/wp-json\/wp\/v2\/product_tag?post=75653"},{"taxonomy":"source","embeddable":true,"href":"https:\/\/neko-shop.ee\/en\/wp-json\/wp\/v2\/source?post=75653"},{"taxonomy":"manufacturer","embeddable":true,"href":"https:\/\/neko-shop.ee\/en\/wp-json\/wp\/v2\/manufacturer?post=75653"},{"taxonomy":"material","embeddable":true,"href":"https:\/\/neko-shop.ee\/en\/wp-json\/wp\/v2\/material?post=75653"},{"taxonomy":"publisher","embeddable":true,"href":"https:\/\/neko-shop.ee\/en\/wp-json\/wp\/v2\/publisher?post=75653"},{"taxonomy":"genre","embeddable":true,"href":"https:\/\/neko-shop.ee\/en\/wp-json\/wp\/v2\/genre?post=75653"}],"curies":[{"name":"wp","href":"https:\/\/api.w.org\/{rel}","templated":true}]}}