{"id":74439,"date":"2025-12-06T12:43:35","date_gmt":"2025-12-06T12:43:35","guid":{"rendered":"https:\/\/neko-shop.ee\/product\/character-vocal-series-01-hatsune-miku-nendoroid-doll-action-figure-hatsune-miku-loungewear-outfit-ver-10-cm\/"},"modified":"2026-02-02T12:40:26","modified_gmt":"2026-02-02T12:40:26","slug":"character-vocal-series-01-hatsune-miku-nendoroid-doll-action-figure-hatsune-miku-loungewear-outfit-ver-10-cm","status":"publish","type":"product","link":"https:\/\/neko-shop.ee\/ru\/product\/character-vocal-series-01-hatsune-miku-nendoroid-doll-action-figure-hatsune-miku-loungewear-outfit-ver-10-cm\/","title":{"rendered":"Character Vocal Series 01: Hatsune Miku Nendoroid Doll Action Figure Hatsune Miku: Loungewear Outfit Ver. 10 cm"},"content":{"rendered":"<h4>Hatsune Miku\u00a0figuur sarjast Vocal Series 01<\/h4>\n<p>Nendoroid on liikuvate osade ja vahetatavate emotsioonidega ikoonilised figuurid, mis v\u00f5imaldavad teil h\u00f5lpsalt poose ja ilmeid muuta.<\/p>\n<p>Need on populaarsed t\u00e4nu oma kompaktsele suurusele ja selgele Good Smile Company kaubam\u00e4rgile.<\/p>\n","protected":false},"excerpt":{"rendered":"<p>Hatsune Miku\u00a0figuur sarjast Vocal Series 01 Nendoroid on liikuvate osade ja vahetatavate emotsioonidega ikoonilised figuurid, mis v\u00f5imaldavad teil h\u00f5lpsalt poose ja ilmeid muuta. Need on populaarsed t\u00e4nu oma kompaktsele suurusele ja selgele Good Smile Company kaubam\u00e4rgile.<\/p>\n","protected":false},"featured_media":73648,"template":"","meta":[],"product_brand":[],"product_cat":[2464],"product_tag":[],"source":[],"manufacturer":[],"material":[],"publisher":[],"genre":[],"class_list":{"0":"post-74439","1":"product","2":"type-product","3":"status-publish","4":"has-post-thumbnail","6":"product_cat-nendoroid-ru","8":"first","9":"instock","10":"taxable","11":"shipping-taxable","12":"purchasable","13":"product-type-simple"},"acf":[],"yoast_head":"<!-- This site is optimized with the Yoast SEO plugin v25.2 - https:\/\/yoast.com\/wordpress\/plugins\/seo\/ -->\n<title>Character Vocal Series 01: Hatsune Miku Nendoroid Doll Action Figure Hatsune Miku: Loungewear Outfit Ver. 10 cm - NEKO<\/title>\n<meta name=\"robots\" content=\"index, follow, max-snippet:-1, max-image-preview:large, max-video-preview:-1\" \/>\n<link rel=\"canonical\" href=\"https:\/\/neko-shop.ee\/ru\/product\/character-vocal-series-01-hatsune-miku-nendoroid-doll-action-figure-hatsune-miku-loungewear-outfit-ver-10-cm\/\" \/>\n<meta property=\"og:locale\" content=\"ru_RU\" \/>\n<meta property=\"og:type\" content=\"article\" \/>\n<meta property=\"og:title\" content=\"Character Vocal Series 01: Hatsune Miku Nendoroid Doll Action Figure Hatsune Miku: Loungewear Outfit Ver. 10 cm - NEKO\" \/>\n<meta property=\"og:description\" content=\"Hatsune Miku\u00a0figuur sarjast Vocal Series 01 Nendoroid on liikuvate osade ja vahetatavate emotsioonidega ikoonilised figuurid, mis v\u00f5imaldavad teil h\u00f5lpsalt poose ja ilmeid muuta. Need on populaarsed t\u00e4nu oma kompaktsele suurusele ja selgele Good Smile Company kaubam\u00e4rgile.\" \/>\n<meta property=\"og:url\" content=\"https:\/\/neko-shop.ee\/ru\/product\/character-vocal-series-01-hatsune-miku-nendoroid-doll-action-figure-hatsune-miku-loungewear-outfit-ver-10-cm\/\" \/>\n<meta property=\"og:site_name\" content=\"NEKO\" \/>\n<meta property=\"article:modified_time\" content=\"2026-02-02T12:40:26+00:00\" \/>\n<meta name=\"twitter:card\" content=\"summary_large_image\" \/>\n<script type=\"application\/ld+json\" class=\"yoast-schema-graph\">{\"@context\":\"https:\/\/schema.org\",\"@graph\":[{\"@type\":\"WebPage\",\"@id\":\"https:\/\/neko-shop.ee\/ru\/product\/character-vocal-series-01-hatsune-miku-nendoroid-doll-action-figure-hatsune-miku-loungewear-outfit-ver-10-cm\/\",\"url\":\"https:\/\/neko-shop.ee\/ru\/product\/character-vocal-series-01-hatsune-miku-nendoroid-doll-action-figure-hatsune-miku-loungewear-outfit-ver-10-cm\/\",\"name\":\"Character Vocal Series 01: Hatsune Miku Nendoroid Doll Action Figure Hatsune Miku: Loungewear Outfit Ver. 10 cm - NEKO\",\"isPartOf\":{\"@id\":\"https:\/\/neko-shop.ee\/ru\/#website\"},\"primaryImageOfPage\":{\"@id\":\"https:\/\/neko-shop.ee\/ru\/product\/character-vocal-series-01-hatsune-miku-nendoroid-doll-action-figure-hatsune-miku-loungewear-outfit-ver-10-cm\/#primaryimage\"},\"image\":{\"@id\":\"https:\/\/neko-shop.ee\/ru\/product\/character-vocal-series-01-hatsune-miku-nendoroid-doll-action-figure-hatsune-miku-loungewear-outfit-ver-10-cm\/#primaryimage\"},\"thumbnailUrl\":\"https:\/\/neko-shop.ee\/wp-content\/uploads\/2025\/09\/mikunendoll.jpg\",\"datePublished\":\"2025-12-06T12:43:35+00:00\",\"dateModified\":\"2026-02-02T12:40:26+00:00\",\"breadcrumb\":{\"@id\":\"https:\/\/neko-shop.ee\/ru\/product\/character-vocal-series-01-hatsune-miku-nendoroid-doll-action-figure-hatsune-miku-loungewear-outfit-ver-10-cm\/#breadcrumb\"},\"inLanguage\":\"ru-RU\",\"potentialAction\":[{\"@type\":\"ReadAction\",\"target\":[\"https:\/\/neko-shop.ee\/ru\/product\/character-vocal-series-01-hatsune-miku-nendoroid-doll-action-figure-hatsune-miku-loungewear-outfit-ver-10-cm\/\"]}]},{\"@type\":\"ImageObject\",\"inLanguage\":\"ru-RU\",\"@id\":\"https:\/\/neko-shop.ee\/ru\/product\/character-vocal-series-01-hatsune-miku-nendoroid-doll-action-figure-hatsune-miku-loungewear-outfit-ver-10-cm\/#primaryimage\",\"url\":\"https:\/\/neko-shop.ee\/wp-content\/uploads\/2025\/09\/mikunendoll.jpg\",\"contentUrl\":\"https:\/\/neko-shop.ee\/wp-content\/uploads\/2025\/09\/mikunendoll.jpg\",\"width\":1000,\"height\":1000},{\"@type\":\"BreadcrumbList\",\"@id\":\"https:\/\/neko-shop.ee\/ru\/product\/character-vocal-series-01-hatsune-miku-nendoroid-doll-action-figure-hatsune-miku-loungewear-outfit-ver-10-cm\/#breadcrumb\",\"itemListElement\":[{\"@type\":\"ListItem\",\"position\":1,\"name\":\"\u041c\u0430\u0433\u0430\u0437\u0438\u043d\",\"item\":\"https:\/\/neko-shop.ee\/ru\/shop\/\"},{\"@type\":\"ListItem\",\"position\":2,\"name\":\"Character Vocal Series 01: Hatsune Miku Nendoroid Doll Action Figure Hatsune Miku: Loungewear Outfit Ver. 10 cm\"}]},{\"@type\":\"WebSite\",\"@id\":\"https:\/\/neko-shop.ee\/ru\/#website\",\"url\":\"https:\/\/neko-shop.ee\/ru\/\",\"name\":\"NEKO\",\"description\":\"\",\"potentialAction\":[{\"@type\":\"SearchAction\",\"target\":{\"@type\":\"EntryPoint\",\"urlTemplate\":\"https:\/\/neko-shop.ee\/ru\/?s={search_term_string}\"},\"query-input\":{\"@type\":\"PropertyValueSpecification\",\"valueRequired\":true,\"valueName\":\"search_term_string\"}}],\"inLanguage\":\"ru-RU\"}]}<\/script>\n<!-- \/ Yoast SEO plugin. -->","yoast_head_json":{"title":"Character Vocal Series 01: Hatsune Miku Nendoroid Doll Action Figure Hatsune Miku: Loungewear Outfit Ver. 10 cm - NEKO","robots":{"index":"index","follow":"follow","max-snippet":"max-snippet:-1","max-image-preview":"max-image-preview:large","max-video-preview":"max-video-preview:-1"},"canonical":"https:\/\/neko-shop.ee\/ru\/product\/character-vocal-series-01-hatsune-miku-nendoroid-doll-action-figure-hatsune-miku-loungewear-outfit-ver-10-cm\/","og_locale":"ru_RU","og_type":"article","og_title":"Character Vocal Series 01: Hatsune Miku Nendoroid Doll Action Figure Hatsune Miku: Loungewear Outfit Ver. 10 cm - NEKO","og_description":"Hatsune Miku\u00a0figuur sarjast Vocal Series 01 Nendoroid on liikuvate osade ja vahetatavate emotsioonidega ikoonilised figuurid, mis v\u00f5imaldavad teil h\u00f5lpsalt poose ja ilmeid muuta. Need on populaarsed t\u00e4nu oma kompaktsele suurusele ja selgele Good Smile Company kaubam\u00e4rgile.","og_url":"https:\/\/neko-shop.ee\/ru\/product\/character-vocal-series-01-hatsune-miku-nendoroid-doll-action-figure-hatsune-miku-loungewear-outfit-ver-10-cm\/","og_site_name":"NEKO","article_modified_time":"2026-02-02T12:40:26+00:00","twitter_card":"summary_large_image","schema":{"@context":"https:\/\/schema.org","@graph":[{"@type":"WebPage","@id":"https:\/\/neko-shop.ee\/ru\/product\/character-vocal-series-01-hatsune-miku-nendoroid-doll-action-figure-hatsune-miku-loungewear-outfit-ver-10-cm\/","url":"https:\/\/neko-shop.ee\/ru\/product\/character-vocal-series-01-hatsune-miku-nendoroid-doll-action-figure-hatsune-miku-loungewear-outfit-ver-10-cm\/","name":"Character Vocal Series 01: Hatsune Miku Nendoroid Doll Action Figure Hatsune Miku: Loungewear Outfit Ver. 10 cm - NEKO","isPartOf":{"@id":"https:\/\/neko-shop.ee\/ru\/#website"},"primaryImageOfPage":{"@id":"https:\/\/neko-shop.ee\/ru\/product\/character-vocal-series-01-hatsune-miku-nendoroid-doll-action-figure-hatsune-miku-loungewear-outfit-ver-10-cm\/#primaryimage"},"image":{"@id":"https:\/\/neko-shop.ee\/ru\/product\/character-vocal-series-01-hatsune-miku-nendoroid-doll-action-figure-hatsune-miku-loungewear-outfit-ver-10-cm\/#primaryimage"},"thumbnailUrl":"https:\/\/neko-shop.ee\/wp-content\/uploads\/2025\/09\/mikunendoll.jpg","datePublished":"2025-12-06T12:43:35+00:00","dateModified":"2026-02-02T12:40:26+00:00","breadcrumb":{"@id":"https:\/\/neko-shop.ee\/ru\/product\/character-vocal-series-01-hatsune-miku-nendoroid-doll-action-figure-hatsune-miku-loungewear-outfit-ver-10-cm\/#breadcrumb"},"inLanguage":"ru-RU","potentialAction":[{"@type":"ReadAction","target":["https:\/\/neko-shop.ee\/ru\/product\/character-vocal-series-01-hatsune-miku-nendoroid-doll-action-figure-hatsune-miku-loungewear-outfit-ver-10-cm\/"]}]},{"@type":"ImageObject","inLanguage":"ru-RU","@id":"https:\/\/neko-shop.ee\/ru\/product\/character-vocal-series-01-hatsune-miku-nendoroid-doll-action-figure-hatsune-miku-loungewear-outfit-ver-10-cm\/#primaryimage","url":"https:\/\/neko-shop.ee\/wp-content\/uploads\/2025\/09\/mikunendoll.jpg","contentUrl":"https:\/\/neko-shop.ee\/wp-content\/uploads\/2025\/09\/mikunendoll.jpg","width":1000,"height":1000},{"@type":"BreadcrumbList","@id":"https:\/\/neko-shop.ee\/ru\/product\/character-vocal-series-01-hatsune-miku-nendoroid-doll-action-figure-hatsune-miku-loungewear-outfit-ver-10-cm\/#breadcrumb","itemListElement":[{"@type":"ListItem","position":1,"name":"\u041c\u0430\u0433\u0430\u0437\u0438\u043d","item":"https:\/\/neko-shop.ee\/ru\/shop\/"},{"@type":"ListItem","position":2,"name":"Character Vocal Series 01: Hatsune Miku Nendoroid Doll Action Figure Hatsune Miku: Loungewear Outfit Ver. 10 cm"}]},{"@type":"WebSite","@id":"https:\/\/neko-shop.ee\/ru\/#website","url":"https:\/\/neko-shop.ee\/ru\/","name":"NEKO","description":"","potentialAction":[{"@type":"SearchAction","target":{"@type":"EntryPoint","urlTemplate":"https:\/\/neko-shop.ee\/ru\/?s={search_term_string}"},"query-input":{"@type":"PropertyValueSpecification","valueRequired":true,"valueName":"search_term_string"}}],"inLanguage":"ru-RU"}]}},"_links":{"self":[{"href":"https:\/\/neko-shop.ee\/ru\/wp-json\/wp\/v2\/product\/74439","targetHints":{"allow":["GET"]}}],"collection":[{"href":"https:\/\/neko-shop.ee\/ru\/wp-json\/wp\/v2\/product"}],"about":[{"href":"https:\/\/neko-shop.ee\/ru\/wp-json\/wp\/v2\/types\/product"}],"wp:featuredmedia":[{"embeddable":true,"href":"https:\/\/neko-shop.ee\/ru\/wp-json\/wp\/v2\/media\/73648"}],"wp:attachment":[{"href":"https:\/\/neko-shop.ee\/ru\/wp-json\/wp\/v2\/media?parent=74439"}],"wp:term":[{"taxonomy":"product_brand","embeddable":true,"href":"https:\/\/neko-shop.ee\/ru\/wp-json\/wp\/v2\/product_brand?post=74439"},{"taxonomy":"product_cat","embeddable":true,"href":"https:\/\/neko-shop.ee\/ru\/wp-json\/wp\/v2\/product_cat?post=74439"},{"taxonomy":"product_tag","embeddable":true,"href":"https:\/\/neko-shop.ee\/ru\/wp-json\/wp\/v2\/product_tag?post=74439"},{"taxonomy":"source","embeddable":true,"href":"https:\/\/neko-shop.ee\/ru\/wp-json\/wp\/v2\/source?post=74439"},{"taxonomy":"manufacturer","embeddable":true,"href":"https:\/\/neko-shop.ee\/ru\/wp-json\/wp\/v2\/manufacturer?post=74439"},{"taxonomy":"material","embeddable":true,"href":"https:\/\/neko-shop.ee\/ru\/wp-json\/wp\/v2\/material?post=74439"},{"taxonomy":"publisher","embeddable":true,"href":"https:\/\/neko-shop.ee\/ru\/wp-json\/wp\/v2\/publisher?post=74439"},{"taxonomy":"genre","embeddable":true,"href":"https:\/\/neko-shop.ee\/ru\/wp-json\/wp\/v2\/genre?post=74439"}],"curies":[{"name":"wp","href":"https:\/\/api.w.org\/{rel}","templated":true}]}}