{"id":75039,"date":"2025-12-06T12:48:17","date_gmt":"2025-12-06T12:48:17","guid":{"rendered":"https:\/\/neko-shop.ee\/product\/pokemon-jellybeans-with-stamp\/"},"modified":"2026-02-02T12:40:47","modified_gmt":"2026-02-02T12:40:47","slug":"pokemon-jellybeans-with-stamp","status":"publish","type":"product","link":"https:\/\/neko-shop.ee\/ru\/product\/pokemon-jellybeans-with-stamp\/","title":{"rendered":"Pok\u00e9mon Jellybeans with Stamp"},"content":{"rendered":"<p>Pok\u00e9mon Jellybeans templitega on puuviljamaitselised n\u00e4rimiskommid, mille igas pakendis on tembeldatud \u00fcllatustempel.<\/p>\n<p>Need \u00fchendavad magusa maitse armsate kogutavate templitega, lisades veidi m\u00e4ngulisust.<\/p>\n","protected":false},"excerpt":{"rendered":"<p>Pok\u00e9mon Jellybeans templitega on puuviljamaitselised n\u00e4rimiskommid, mille igas pakendis on tembeldatud \u00fcllatustempel. Need \u00fchendavad magusa maitse armsate kogutavate templitega, lisades veidi m\u00e4ngulisust.<\/p>\n","protected":false},"featured_media":75959,"template":"","meta":[],"product_brand":[],"product_cat":[2536],"product_tag":[],"source":[],"manufacturer":[],"material":[],"publisher":[],"genre":[],"class_list":{"0":"post-75039","1":"product","2":"type-product","3":"status-publish","4":"has-post-thumbnail","6":"product_cat-sweets-and-snacks-ru","8":"first","9":"instock","10":"taxable","11":"shipping-taxable","12":"purchasable","13":"product-type-simple"},"acf":[],"yoast_head":"<!-- This site is optimized with the Yoast SEO plugin v25.2 - https:\/\/yoast.com\/wordpress\/plugins\/seo\/ -->\n<title>Pok\u00e9mon Jellybeans with Stamp - NEKO<\/title>\n<meta name=\"robots\" content=\"index, follow, max-snippet:-1, max-image-preview:large, max-video-preview:-1\" \/>\n<link rel=\"canonical\" href=\"https:\/\/neko-shop.ee\/ru\/product\/pokemon-jellybeans-with-stamp\/\" \/>\n<meta property=\"og:locale\" content=\"ru_RU\" \/>\n<meta property=\"og:type\" content=\"article\" \/>\n<meta property=\"og:title\" content=\"Pok\u00e9mon Jellybeans with Stamp - NEKO\" \/>\n<meta property=\"og:description\" content=\"Pok\u00e9mon Jellybeans templitega on puuviljamaitselised n\u00e4rimiskommid, mille igas pakendis on tembeldatud \u00fcllatustempel. Need \u00fchendavad magusa maitse armsate kogutavate templitega, lisades veidi m\u00e4ngulisust.\" \/>\n<meta property=\"og:url\" content=\"https:\/\/neko-shop.ee\/ru\/product\/pokemon-jellybeans-with-stamp\/\" \/>\n<meta property=\"og:site_name\" content=\"NEKO\" \/>\n<meta property=\"article:modified_time\" content=\"2026-02-02T12:40:47+00:00\" \/>\n<meta name=\"twitter:card\" content=\"summary_large_image\" \/>\n<script type=\"application\/ld+json\" class=\"yoast-schema-graph\">{\"@context\":\"https:\/\/schema.org\",\"@graph\":[{\"@type\":\"WebPage\",\"@id\":\"https:\/\/neko-shop.ee\/ru\/product\/pokemon-jellybeans-with-stamp\/\",\"url\":\"https:\/\/neko-shop.ee\/ru\/product\/pokemon-jellybeans-with-stamp\/\",\"name\":\"Pok\u00e9mon Jellybeans with Stamp - NEKO\",\"isPartOf\":{\"@id\":\"https:\/\/neko-shop.ee\/ru\/#website\"},\"primaryImageOfPage\":{\"@id\":\"https:\/\/neko-shop.ee\/ru\/product\/pokemon-jellybeans-with-stamp\/#primaryimage\"},\"image\":{\"@id\":\"https:\/\/neko-shop.ee\/ru\/product\/pokemon-jellybeans-with-stamp\/#primaryimage\"},\"thumbnailUrl\":\"https:\/\/neko-shop.ee\/wp-content\/uploads\/2025\/12\/pokes.jpg\",\"datePublished\":\"2025-12-06T12:48:17+00:00\",\"dateModified\":\"2026-02-02T12:40:47+00:00\",\"breadcrumb\":{\"@id\":\"https:\/\/neko-shop.ee\/ru\/product\/pokemon-jellybeans-with-stamp\/#breadcrumb\"},\"inLanguage\":\"ru-RU\",\"potentialAction\":[{\"@type\":\"ReadAction\",\"target\":[\"https:\/\/neko-shop.ee\/ru\/product\/pokemon-jellybeans-with-stamp\/\"]}]},{\"@type\":\"ImageObject\",\"inLanguage\":\"ru-RU\",\"@id\":\"https:\/\/neko-shop.ee\/ru\/product\/pokemon-jellybeans-with-stamp\/#primaryimage\",\"url\":\"https:\/\/neko-shop.ee\/wp-content\/uploads\/2025\/12\/pokes.jpg\",\"contentUrl\":\"https:\/\/neko-shop.ee\/wp-content\/uploads\/2025\/12\/pokes.jpg\",\"width\":1000,\"height\":1000},{\"@type\":\"BreadcrumbList\",\"@id\":\"https:\/\/neko-shop.ee\/ru\/product\/pokemon-jellybeans-with-stamp\/#breadcrumb\",\"itemListElement\":[{\"@type\":\"ListItem\",\"position\":1,\"name\":\"\u041c\u0430\u0433\u0430\u0437\u0438\u043d\",\"item\":\"https:\/\/neko-shop.ee\/ru\/shop\/\"},{\"@type\":\"ListItem\",\"position\":2,\"name\":\"Pok\u00e9mon Jellybeans with Stamp\"}]},{\"@type\":\"WebSite\",\"@id\":\"https:\/\/neko-shop.ee\/ru\/#website\",\"url\":\"https:\/\/neko-shop.ee\/ru\/\",\"name\":\"NEKO\",\"description\":\"\",\"potentialAction\":[{\"@type\":\"SearchAction\",\"target\":{\"@type\":\"EntryPoint\",\"urlTemplate\":\"https:\/\/neko-shop.ee\/ru\/?s={search_term_string}\"},\"query-input\":{\"@type\":\"PropertyValueSpecification\",\"valueRequired\":true,\"valueName\":\"search_term_string\"}}],\"inLanguage\":\"ru-RU\"}]}<\/script>\n<!-- \/ Yoast SEO plugin. -->","yoast_head_json":{"title":"Pok\u00e9mon Jellybeans with Stamp - NEKO","robots":{"index":"index","follow":"follow","max-snippet":"max-snippet:-1","max-image-preview":"max-image-preview:large","max-video-preview":"max-video-preview:-1"},"canonical":"https:\/\/neko-shop.ee\/ru\/product\/pokemon-jellybeans-with-stamp\/","og_locale":"ru_RU","og_type":"article","og_title":"Pok\u00e9mon Jellybeans with Stamp - NEKO","og_description":"Pok\u00e9mon Jellybeans templitega on puuviljamaitselised n\u00e4rimiskommid, mille igas pakendis on tembeldatud \u00fcllatustempel. Need \u00fchendavad magusa maitse armsate kogutavate templitega, lisades veidi m\u00e4ngulisust.","og_url":"https:\/\/neko-shop.ee\/ru\/product\/pokemon-jellybeans-with-stamp\/","og_site_name":"NEKO","article_modified_time":"2026-02-02T12:40:47+00:00","twitter_card":"summary_large_image","schema":{"@context":"https:\/\/schema.org","@graph":[{"@type":"WebPage","@id":"https:\/\/neko-shop.ee\/ru\/product\/pokemon-jellybeans-with-stamp\/","url":"https:\/\/neko-shop.ee\/ru\/product\/pokemon-jellybeans-with-stamp\/","name":"Pok\u00e9mon Jellybeans with Stamp - NEKO","isPartOf":{"@id":"https:\/\/neko-shop.ee\/ru\/#website"},"primaryImageOfPage":{"@id":"https:\/\/neko-shop.ee\/ru\/product\/pokemon-jellybeans-with-stamp\/#primaryimage"},"image":{"@id":"https:\/\/neko-shop.ee\/ru\/product\/pokemon-jellybeans-with-stamp\/#primaryimage"},"thumbnailUrl":"https:\/\/neko-shop.ee\/wp-content\/uploads\/2025\/12\/pokes.jpg","datePublished":"2025-12-06T12:48:17+00:00","dateModified":"2026-02-02T12:40:47+00:00","breadcrumb":{"@id":"https:\/\/neko-shop.ee\/ru\/product\/pokemon-jellybeans-with-stamp\/#breadcrumb"},"inLanguage":"ru-RU","potentialAction":[{"@type":"ReadAction","target":["https:\/\/neko-shop.ee\/ru\/product\/pokemon-jellybeans-with-stamp\/"]}]},{"@type":"ImageObject","inLanguage":"ru-RU","@id":"https:\/\/neko-shop.ee\/ru\/product\/pokemon-jellybeans-with-stamp\/#primaryimage","url":"https:\/\/neko-shop.ee\/wp-content\/uploads\/2025\/12\/pokes.jpg","contentUrl":"https:\/\/neko-shop.ee\/wp-content\/uploads\/2025\/12\/pokes.jpg","width":1000,"height":1000},{"@type":"BreadcrumbList","@id":"https:\/\/neko-shop.ee\/ru\/product\/pokemon-jellybeans-with-stamp\/#breadcrumb","itemListElement":[{"@type":"ListItem","position":1,"name":"\u041c\u0430\u0433\u0430\u0437\u0438\u043d","item":"https:\/\/neko-shop.ee\/ru\/shop\/"},{"@type":"ListItem","position":2,"name":"Pok\u00e9mon Jellybeans with Stamp"}]},{"@type":"WebSite","@id":"https:\/\/neko-shop.ee\/ru\/#website","url":"https:\/\/neko-shop.ee\/ru\/","name":"NEKO","description":"","potentialAction":[{"@type":"SearchAction","target":{"@type":"EntryPoint","urlTemplate":"https:\/\/neko-shop.ee\/ru\/?s={search_term_string}"},"query-input":{"@type":"PropertyValueSpecification","valueRequired":true,"valueName":"search_term_string"}}],"inLanguage":"ru-RU"}]}},"_links":{"self":[{"href":"https:\/\/neko-shop.ee\/ru\/wp-json\/wp\/v2\/product\/75039","targetHints":{"allow":["GET"]}}],"collection":[{"href":"https:\/\/neko-shop.ee\/ru\/wp-json\/wp\/v2\/product"}],"about":[{"href":"https:\/\/neko-shop.ee\/ru\/wp-json\/wp\/v2\/types\/product"}],"wp:featuredmedia":[{"embeddable":true,"href":"https:\/\/neko-shop.ee\/ru\/wp-json\/wp\/v2\/media\/75959"}],"wp:attachment":[{"href":"https:\/\/neko-shop.ee\/ru\/wp-json\/wp\/v2\/media?parent=75039"}],"wp:term":[{"taxonomy":"product_brand","embeddable":true,"href":"https:\/\/neko-shop.ee\/ru\/wp-json\/wp\/v2\/product_brand?post=75039"},{"taxonomy":"product_cat","embeddable":true,"href":"https:\/\/neko-shop.ee\/ru\/wp-json\/wp\/v2\/product_cat?post=75039"},{"taxonomy":"product_tag","embeddable":true,"href":"https:\/\/neko-shop.ee\/ru\/wp-json\/wp\/v2\/product_tag?post=75039"},{"taxonomy":"source","embeddable":true,"href":"https:\/\/neko-shop.ee\/ru\/wp-json\/wp\/v2\/source?post=75039"},{"taxonomy":"manufacturer","embeddable":true,"href":"https:\/\/neko-shop.ee\/ru\/wp-json\/wp\/v2\/manufacturer?post=75039"},{"taxonomy":"material","embeddable":true,"href":"https:\/\/neko-shop.ee\/ru\/wp-json\/wp\/v2\/material?post=75039"},{"taxonomy":"publisher","embeddable":true,"href":"https:\/\/neko-shop.ee\/ru\/wp-json\/wp\/v2\/publisher?post=75039"},{"taxonomy":"genre","embeddable":true,"href":"https:\/\/neko-shop.ee\/ru\/wp-json\/wp\/v2\/genre?post=75039"}],"curies":[{"name":"wp","href":"https:\/\/api.w.org\/{rel}","templated":true}]}}