{"id":75222,"date":"2025-12-06T12:49:47","date_gmt":"2025-12-06T12:49:47","guid":{"rendered":"https:\/\/neko-shop.ee\/product\/harry-potter-framed-print-undesirable-no-1\/"},"modified":"2026-02-02T12:40:52","modified_gmt":"2026-02-02T12:40:52","slug":"harry-potter-framed-print-undesirable-no-1","status":"publish","type":"product","link":"https:\/\/neko-shop.ee\/ru\/product\/harry-potter-framed-print-undesirable-no-1\/","title":{"rendered":"HARRY POTTER &#8212; Framed print &#171;Undesirable No 1&#187;"},"content":{"rendered":"<h4>HARRY POTTER &#8212; Framed print &#171;Undesirable No 1&#187; &#8216;st inspireeritud pilt Harry Potter&#8217;iga.<\/h4>\n<p>ABYstyle loob kvaliteetseid litsentseeritud tooteid, mis on inspireeritud originaaluniversumite stiilist ja atmosf\u00e4\u00e4rist. Nende tooteid eristab vastupidavus, erksad v\u00e4rvid ja hoolikas meisterlikkus.<\/p>\n","protected":false},"excerpt":{"rendered":"<p>HARRY POTTER &#8212; Framed print &#171;Undesirable No 1&#187; &#8216;st inspireeritud pilt Harry Potter&#8217;iga. ABYstyle loob kvaliteetseid litsentseeritud tooteid, mis on inspireeritud originaaluniversumite stiilist ja atmosf\u00e4\u00e4rist. Nende tooteid eristab vastupidavus, erksad v\u00e4rvid ja hoolikas meisterlikkus.<\/p>\n","protected":false},"featured_media":76453,"template":"","meta":[],"product_brand":[],"product_cat":[2546],"product_tag":[],"source":[],"manufacturer":[],"material":[],"publisher":[],"genre":[],"class_list":{"0":"post-75222","1":"product","2":"type-product","3":"status-publish","4":"has-post-thumbnail","6":"product_cat-abystyle-ru","8":"first","9":"instock","10":"taxable","11":"shipping-taxable","12":"purchasable","13":"product-type-simple"},"acf":[],"yoast_head":"<!-- This site is optimized with the Yoast SEO plugin v25.2 - https:\/\/yoast.com\/wordpress\/plugins\/seo\/ -->\n<title>HARRY POTTER - Framed print &quot;Undesirable No 1&quot; - NEKO<\/title>\n<meta name=\"robots\" content=\"index, follow, max-snippet:-1, max-image-preview:large, max-video-preview:-1\" \/>\n<link rel=\"canonical\" href=\"https:\/\/neko-shop.ee\/ru\/product\/harry-potter-framed-print-undesirable-no-1\/\" \/>\n<meta property=\"og:locale\" content=\"ru_RU\" \/>\n<meta property=\"og:type\" content=\"article\" \/>\n<meta property=\"og:title\" content=\"HARRY POTTER - Framed print &quot;Undesirable No 1&quot; - NEKO\" \/>\n<meta property=\"og:description\" content=\"HARRY POTTER &#8212; Framed print &#171;Undesirable No 1&#187; &#8216;st inspireeritud pilt Harry Potter&#8217;iga. ABYstyle loob kvaliteetseid litsentseeritud tooteid, mis on inspireeritud originaaluniversumite stiilist ja atmosf\u00e4\u00e4rist. Nende tooteid eristab vastupidavus, erksad v\u00e4rvid ja hoolikas meisterlikkus.\" \/>\n<meta property=\"og:url\" content=\"https:\/\/neko-shop.ee\/ru\/product\/harry-potter-framed-print-undesirable-no-1\/\" \/>\n<meta property=\"og:site_name\" content=\"NEKO\" \/>\n<meta property=\"article:modified_time\" content=\"2026-02-02T12:40:52+00:00\" \/>\n<meta name=\"twitter:card\" content=\"summary_large_image\" \/>\n<script type=\"application\/ld+json\" class=\"yoast-schema-graph\">{\"@context\":\"https:\/\/schema.org\",\"@graph\":[{\"@type\":\"WebPage\",\"@id\":\"https:\/\/neko-shop.ee\/ru\/product\/harry-potter-framed-print-undesirable-no-1\/\",\"url\":\"https:\/\/neko-shop.ee\/ru\/product\/harry-potter-framed-print-undesirable-no-1\/\",\"name\":\"HARRY POTTER - Framed print \\\"Undesirable No 1\\\" - NEKO\",\"isPartOf\":{\"@id\":\"https:\/\/neko-shop.ee\/ru\/#website\"},\"primaryImageOfPage\":{\"@id\":\"https:\/\/neko-shop.ee\/ru\/product\/harry-potter-framed-print-undesirable-no-1\/#primaryimage\"},\"image\":{\"@id\":\"https:\/\/neko-shop.ee\/ru\/product\/harry-potter-framed-print-undesirable-no-1\/#primaryimage\"},\"thumbnailUrl\":\"https:\/\/neko-shop.ee\/wp-content\/uploads\/2025\/12\/hry.jpg\",\"datePublished\":\"2025-12-06T12:49:47+00:00\",\"dateModified\":\"2026-02-02T12:40:52+00:00\",\"breadcrumb\":{\"@id\":\"https:\/\/neko-shop.ee\/ru\/product\/harry-potter-framed-print-undesirable-no-1\/#breadcrumb\"},\"inLanguage\":\"ru-RU\",\"potentialAction\":[{\"@type\":\"ReadAction\",\"target\":[\"https:\/\/neko-shop.ee\/ru\/product\/harry-potter-framed-print-undesirable-no-1\/\"]}]},{\"@type\":\"ImageObject\",\"inLanguage\":\"ru-RU\",\"@id\":\"https:\/\/neko-shop.ee\/ru\/product\/harry-potter-framed-print-undesirable-no-1\/#primaryimage\",\"url\":\"https:\/\/neko-shop.ee\/wp-content\/uploads\/2025\/12\/hry.jpg\",\"contentUrl\":\"https:\/\/neko-shop.ee\/wp-content\/uploads\/2025\/12\/hry.jpg\",\"width\":1000,\"height\":1000},{\"@type\":\"BreadcrumbList\",\"@id\":\"https:\/\/neko-shop.ee\/ru\/product\/harry-potter-framed-print-undesirable-no-1\/#breadcrumb\",\"itemListElement\":[{\"@type\":\"ListItem\",\"position\":1,\"name\":\"\u041c\u0430\u0433\u0430\u0437\u0438\u043d\",\"item\":\"https:\/\/neko-shop.ee\/ru\/shop\/\"},{\"@type\":\"ListItem\",\"position\":2,\"name\":\"HARRY POTTER &#8212; Framed print &#171;Undesirable No 1&#187;\"}]},{\"@type\":\"WebSite\",\"@id\":\"https:\/\/neko-shop.ee\/ru\/#website\",\"url\":\"https:\/\/neko-shop.ee\/ru\/\",\"name\":\"NEKO\",\"description\":\"\",\"potentialAction\":[{\"@type\":\"SearchAction\",\"target\":{\"@type\":\"EntryPoint\",\"urlTemplate\":\"https:\/\/neko-shop.ee\/ru\/?s={search_term_string}\"},\"query-input\":{\"@type\":\"PropertyValueSpecification\",\"valueRequired\":true,\"valueName\":\"search_term_string\"}}],\"inLanguage\":\"ru-RU\"}]}<\/script>\n<!-- \/ Yoast SEO plugin. -->","yoast_head_json":{"title":"HARRY POTTER - Framed print \"Undesirable No 1\" - NEKO","robots":{"index":"index","follow":"follow","max-snippet":"max-snippet:-1","max-image-preview":"max-image-preview:large","max-video-preview":"max-video-preview:-1"},"canonical":"https:\/\/neko-shop.ee\/ru\/product\/harry-potter-framed-print-undesirable-no-1\/","og_locale":"ru_RU","og_type":"article","og_title":"HARRY POTTER - Framed print \"Undesirable No 1\" - NEKO","og_description":"HARRY POTTER &#8212; Framed print &#171;Undesirable No 1&#187; &#8216;st inspireeritud pilt Harry Potter&#8217;iga. ABYstyle loob kvaliteetseid litsentseeritud tooteid, mis on inspireeritud originaaluniversumite stiilist ja atmosf\u00e4\u00e4rist. Nende tooteid eristab vastupidavus, erksad v\u00e4rvid ja hoolikas meisterlikkus.","og_url":"https:\/\/neko-shop.ee\/ru\/product\/harry-potter-framed-print-undesirable-no-1\/","og_site_name":"NEKO","article_modified_time":"2026-02-02T12:40:52+00:00","twitter_card":"summary_large_image","schema":{"@context":"https:\/\/schema.org","@graph":[{"@type":"WebPage","@id":"https:\/\/neko-shop.ee\/ru\/product\/harry-potter-framed-print-undesirable-no-1\/","url":"https:\/\/neko-shop.ee\/ru\/product\/harry-potter-framed-print-undesirable-no-1\/","name":"HARRY POTTER - Framed print \"Undesirable No 1\" - NEKO","isPartOf":{"@id":"https:\/\/neko-shop.ee\/ru\/#website"},"primaryImageOfPage":{"@id":"https:\/\/neko-shop.ee\/ru\/product\/harry-potter-framed-print-undesirable-no-1\/#primaryimage"},"image":{"@id":"https:\/\/neko-shop.ee\/ru\/product\/harry-potter-framed-print-undesirable-no-1\/#primaryimage"},"thumbnailUrl":"https:\/\/neko-shop.ee\/wp-content\/uploads\/2025\/12\/hry.jpg","datePublished":"2025-12-06T12:49:47+00:00","dateModified":"2026-02-02T12:40:52+00:00","breadcrumb":{"@id":"https:\/\/neko-shop.ee\/ru\/product\/harry-potter-framed-print-undesirable-no-1\/#breadcrumb"},"inLanguage":"ru-RU","potentialAction":[{"@type":"ReadAction","target":["https:\/\/neko-shop.ee\/ru\/product\/harry-potter-framed-print-undesirable-no-1\/"]}]},{"@type":"ImageObject","inLanguage":"ru-RU","@id":"https:\/\/neko-shop.ee\/ru\/product\/harry-potter-framed-print-undesirable-no-1\/#primaryimage","url":"https:\/\/neko-shop.ee\/wp-content\/uploads\/2025\/12\/hry.jpg","contentUrl":"https:\/\/neko-shop.ee\/wp-content\/uploads\/2025\/12\/hry.jpg","width":1000,"height":1000},{"@type":"BreadcrumbList","@id":"https:\/\/neko-shop.ee\/ru\/product\/harry-potter-framed-print-undesirable-no-1\/#breadcrumb","itemListElement":[{"@type":"ListItem","position":1,"name":"\u041c\u0430\u0433\u0430\u0437\u0438\u043d","item":"https:\/\/neko-shop.ee\/ru\/shop\/"},{"@type":"ListItem","position":2,"name":"HARRY POTTER &#8212; Framed print &#171;Undesirable No 1&#187;"}]},{"@type":"WebSite","@id":"https:\/\/neko-shop.ee\/ru\/#website","url":"https:\/\/neko-shop.ee\/ru\/","name":"NEKO","description":"","potentialAction":[{"@type":"SearchAction","target":{"@type":"EntryPoint","urlTemplate":"https:\/\/neko-shop.ee\/ru\/?s={search_term_string}"},"query-input":{"@type":"PropertyValueSpecification","valueRequired":true,"valueName":"search_term_string"}}],"inLanguage":"ru-RU"}]}},"_links":{"self":[{"href":"https:\/\/neko-shop.ee\/ru\/wp-json\/wp\/v2\/product\/75222","targetHints":{"allow":["GET"]}}],"collection":[{"href":"https:\/\/neko-shop.ee\/ru\/wp-json\/wp\/v2\/product"}],"about":[{"href":"https:\/\/neko-shop.ee\/ru\/wp-json\/wp\/v2\/types\/product"}],"wp:featuredmedia":[{"embeddable":true,"href":"https:\/\/neko-shop.ee\/ru\/wp-json\/wp\/v2\/media\/76453"}],"wp:attachment":[{"href":"https:\/\/neko-shop.ee\/ru\/wp-json\/wp\/v2\/media?parent=75222"}],"wp:term":[{"taxonomy":"product_brand","embeddable":true,"href":"https:\/\/neko-shop.ee\/ru\/wp-json\/wp\/v2\/product_brand?post=75222"},{"taxonomy":"product_cat","embeddable":true,"href":"https:\/\/neko-shop.ee\/ru\/wp-json\/wp\/v2\/product_cat?post=75222"},{"taxonomy":"product_tag","embeddable":true,"href":"https:\/\/neko-shop.ee\/ru\/wp-json\/wp\/v2\/product_tag?post=75222"},{"taxonomy":"source","embeddable":true,"href":"https:\/\/neko-shop.ee\/ru\/wp-json\/wp\/v2\/source?post=75222"},{"taxonomy":"manufacturer","embeddable":true,"href":"https:\/\/neko-shop.ee\/ru\/wp-json\/wp\/v2\/manufacturer?post=75222"},{"taxonomy":"material","embeddable":true,"href":"https:\/\/neko-shop.ee\/ru\/wp-json\/wp\/v2\/material?post=75222"},{"taxonomy":"publisher","embeddable":true,"href":"https:\/\/neko-shop.ee\/ru\/wp-json\/wp\/v2\/publisher?post=75222"},{"taxonomy":"genre","embeddable":true,"href":"https:\/\/neko-shop.ee\/ru\/wp-json\/wp\/v2\/genre?post=75222"}],"curies":[{"name":"wp","href":"https:\/\/api.w.org\/{rel}","templated":true}]}}